{"id":651,"date":"2025-05-16T07:31:18","date_gmt":"2025-05-16T05:31:18","guid":{"rendered":"https:\/\/dev2.superliebe.com\/mt-2025\/?page_id=651"},"modified":"2025-08-12T12:51:16","modified_gmt":"2025-08-12T10:51:16","slug":"entstehung","status":"publish","type":"page","link":"https:\/\/www.maintower.de\/en\/entstehung\/","title":{"rendered":"Entstehung"},"content":{"rendered":"<div data-elementor-type=\"wp-page\" data-elementor-id=\"651\" class=\"elementor elementor-651\" data-elementor-post-type=\"page\">\n\t\t\t\t<div class=\"elementor-element elementor-element-289e86b e-con-full e-flex e-con e-parent\" data-id=\"289e86b\" data-element_type=\"container\" data-e-type=\"container\">\n\t\t<div class=\"elementor-element elementor-element-e1e0668 mt-nav-section e-flex e-con-boxed e-con e-child\" data-id=\"e1e0668\" data-element_type=\"container\" data-e-type=\"container\" data-settings=\"{&quot;position&quot;:&quot;fixed&quot;}\">\n\t\t\t\t\t<div class=\"e-con-inner\">\n\t\t\t\t<div class=\"elementor-element elementor-element-89237c4 elementor-widget elementor-widget-button\" data-id=\"89237c4\" data-element_type=\"widget\" data-e-type=\"widget\" data-widget_type=\"button.default\">\n\t\t\t\t<div class=\"elementor-widget-container\">\n\t\t\t\t\t\t\t\t\t<div class=\"elementor-button-wrapper\">\n\t\t\t\t\t<a class=\"elementor-button elementor-button-link elementor-size-sm\" href=\"\/en\/#fakten\">\n\t\t\t\t\t\t<span class=\"elementor-button-content-wrapper\">\n\t\t\t\t\t\t<span class=\"elementor-button-icon\">\n\t\t\t\t<svg aria-hidden=\"true\" class=\"e-font-icon-svg e-fas-chevron-left\" viewbox=\"0 0 320 512\" xmlns=\"http:\/\/www.w3.org\/2000\/svg\"><path d=\"M34.52 239.03L228.87 44.69c9.37-9.37 24.57-9.37 33.94 0l22.67 22.67c9.36 9.36 9.37 24.52.04 33.9L131.49 256l154.02 154.75c9.34 9.38 9.32 24.54-.04 33.9l-22.67 22.67c-9.37 9.37-24.57 9.37-33.94 0L34.52 272.97c-9.37-9.37-9.37-24.57 0-33.94z\"><\/path><\/svg>\t\t\t<\/span>\n\t\t\t\t\t\t\t\t\t<span class=\"elementor-button-text\">back<\/span>\n\t\t\t\t\t<\/span>\n\t\t\t\t\t<\/a>\n\t\t\t\t<\/div>\n\t\t\t\t\t\t\t\t<\/div>\n\t\t\t\t<\/div>\n\t\t\t\t<div class=\"elementor-element elementor-element-161ff0f elementor-widget elementor-widget-button\" data-id=\"161ff0f\" data-element_type=\"widget\" data-e-type=\"widget\" data-widget_type=\"button.default\">\n\t\t\t\t<div class=\"elementor-widget-container\">\n\t\t\t\t\t\t\t\t\t<div class=\"elementor-button-wrapper\">\n\t\t\t\t\t<a class=\"elementor-button elementor-button-link elementor-size-sm\" href=\"\/en\/zahlen\/\">\n\t\t\t\t\t\t<span class=\"elementor-button-content-wrapper\">\n\t\t\t\t\t\t<span class=\"elementor-button-icon\">\n\t\t\t\t<svg aria-hidden=\"true\" class=\"e-font-icon-svg e-fas-chevron-right\" viewbox=\"0 0 320 512\" xmlns=\"http:\/\/www.w3.org\/2000\/svg\"><path d=\"M285.476 272.971L91.132 467.314c-9.373 9.373-24.569 9.373-33.941 0l-22.667-22.667c-9.357-9.357-9.375-24.522-.04-33.901L188.505 256 34.484 101.255c-9.335-9.379-9.317-24.544.04-33.901l22.667-22.667c9.373-9.373 24.569-9.373 33.941 0L285.475 239.03c9.373 9.372 9.373 24.568.001 33.941z\"><\/path><\/svg>\t\t\t<\/span>\n\t\t\t\t\t\t\t\t\t<span class=\"elementor-button-text\">next<\/span>\n\t\t\t\t\t<\/span>\n\t\t\t\t\t<\/a>\n\t\t\t\t<\/div>\n\t\t\t\t\t\t\t\t<\/div>\n\t\t\t\t<\/div>\n\t\t\t\t\t<\/div>\n\t\t\t\t<\/div>\n\t\t\t\t<div class=\"elementor-element elementor-element-8fe03f2 elementor-widget elementor-widget-mt_narrative_slider\" data-id=\"8fe03f2\" data-element_type=\"widget\" data-e-type=\"widget\" data-widget_type=\"mt_narrative_slider.default\">\n\t\t\t\t<div class=\"elementor-widget-container\">\n\t\t\t\t\t\n        <div class=\"mt-narrative-slider\"\n            data-autoplay=\"1\"\n            data-autoplay-speed=\"3000\"\n            data-transition-speed=\"3000\"\n            data-pagination=\"1\">\n\n            <div class=\"swiper mt-narrative-slider__main\">\n                <div class=\"swiper-wrapper\">\n                                            <div class=\"swiper-slide mt-narrative-slider__slide elementor-repeater-item-4f914c2\">\n                            <div class=\"mt-narrative-slider__background\" style=\"background-image: url('https:\/\/maintower.de\/wp-content\/uploads\/2025\/06\/skizze_maintower-scaled.jpg');\">\n                                                                    <style>\n                                        @media (max-width: 767px) {\n                                            .elementor-repeater-item-4f914c2 .mt-narrative-slider__background {\n                                                background-image: url('https:\/\/maintower.de\/wp-content\/uploads\/2025\/06\/skizze_maintower_mobile-1-scaled.jpg') !important;\n                                            }\n                                        }\n                                    <\/style>\n                                                            <\/div>\n                            <div class=\"mt-narrative-slider__container\">\n                                <div class=\"mt-narrative-slider__content\">\n                                                                            <div class=\"mt-narrative-slider__subtitle\">Main Tower Courage \u2013 Origin<\/div>\n                                    \n                                                                            <div class=\"heading-title\">\n                                            <h2 class=\"mt-narrative-slider__title\"><span>Valuable<\/span>\n<span>encounters and<\/span>\n<span>warm openness,<\/span>\n<span>where the <mark>heart<\/mark> of<\/span>\n<span>Frankfurt beats.<\/span><\/h2>\n                                        <\/div>\n                                    \n                                                                    <\/div>\n                            <\/div>\n                        <\/div>\n                                            <div class=\"swiper-slide mt-narrative-slider__slide elementor-repeater-item-f7b7fcf\">\n                            <div class=\"mt-narrative-slider__background\" style=\"background-image: url('https:\/\/maintower.de\/wp-content\/uploads\/2025\/05\/geschichte-bg-2.webp');\">\n                                                                    <style>\n                                        @media (max-width: 767px) {\n                                            .elementor-repeater-item-f7b7fcf .mt-narrative-slider__background {\n                                                background-image: url('https:\/\/maintower.de\/wp-content\/uploads\/2025\/05\/geschichte-bg-2-mobile.webp') !important;\n                                            }\n                                        }\n                                    <\/style>\n                                                            <\/div>\n                            <div class=\"mt-narrative-slider__container\">\n                                <div class=\"mt-narrative-slider__content\">\n                                                                            <div class=\"mt-narrative-slider__subtitle\">Main Tower Courage \u2013 Origin<\/div>\n                                    \n                                                                            <div class=\"heading-title\">\n                                            <h2 class=\"mt-narrative-slider__title\"><span>Valuable<\/span>\n<span>encounters and<\/span>\n<span>warm openness,<\/span>\n<span>where the <mark>heart<\/mark> of<\/span>\n<span>Frankfurt beats.<\/span><\/h2>\n                                        <\/div>\n                                    \n                                                                    <\/div>\n                            <\/div>\n                        <\/div>\n                                            <div class=\"swiper-slide mt-narrative-slider__slide elementor-repeater-item-aed7c41\">\n                            <div class=\"mt-narrative-slider__background\" style=\"background-image: url('https:\/\/maintower.de\/wp-content\/uploads\/2025\/05\/geschichte-bg-3-scaled.webp');\">\n                                                                    <style>\n                                        @media (max-width: 767px) {\n                                            .elementor-repeater-item-aed7c41 .mt-narrative-slider__background {\n                                                background-image: url('https:\/\/maintower.de\/wp-content\/uploads\/2025\/06\/main-tower_heute.jpg') !important;\n                                            }\n                                        }\n                                    <\/style>\n                                                            <\/div>\n                            <div class=\"mt-narrative-slider__container\">\n                                <div class=\"mt-narrative-slider__content\">\n                                                                            <div class=\"mt-narrative-slider__subtitle\">Main Tower Courage \u2013 Origin<\/div>\n                                    \n                                                                            <div class=\"heading-title\">\n                                            <h2 class=\"mt-narrative-slider__title\"><span>Valuable<\/span>\n<span>encounters and<\/span>\n<span>warm openness,<\/span>\n<span>where the <mark>heart<\/mark> of<\/span>\n<span>Frankfurt beats.<\/span><\/h2>\n                                        <\/div>\n                                    \n                                                                    <\/div>\n                            <\/div>\n                        <\/div>\n                                    <\/div>\n                \n                <!-- Pagination -->\n                                    <div class=\"swiper-pagination\"><\/div>\n                            <\/div>\n\n            <!-- Play\/Pause Control -->\n                    <\/div>\n\n\t\t\t\t<\/div>\n\t\t\t\t<\/div>\n\t\t\t\t<\/div>\n\t\t\t\t<\/div>","protected":false},"excerpt":{"rendered":"<p>zur\u00fcck weiter Main Tower MuT &#8211; Entstehung Wertvolle Begegnungen und herzliche Offenheit, da wo das Herz von Frankfurt schl\u00e4gt. Main Tower MuT &#8211; Entstehung Wertvolle Begegnungen und herzliche Offenheit, da wo das Herz von Frankfurt schl\u00e4gt. Main Tower MuT &#8211; Entstehung Wertvolle Begegnungen und herzliche Offenheit, da wo das Herz von Frankfurt schl\u00e4gt.<\/p>","protected":false},"author":2,"featured_media":0,"parent":0,"menu_order":0,"comment_status":"closed","ping_status":"closed","template":"elementor_header_footer","meta":{"footnotes":""},"class_list":["post-651","page","type-page","status-publish","hentry"],"_links":{"self":[{"href":"https:\/\/www.maintower.de\/en\/wp-json\/wp\/v2\/pages\/651","targetHints":{"allow":["GET"]}}],"collection":[{"href":"https:\/\/www.maintower.de\/en\/wp-json\/wp\/v2\/pages"}],"about":[{"href":"https:\/\/www.maintower.de\/en\/wp-json\/wp\/v2\/types\/page"}],"author":[{"embeddable":true,"href":"https:\/\/www.maintower.de\/en\/wp-json\/wp\/v2\/users\/2"}],"replies":[{"embeddable":true,"href":"https:\/\/www.maintower.de\/en\/wp-json\/wp\/v2\/comments?post=651"}],"version-history":[{"count":98,"href":"https:\/\/www.maintower.de\/en\/wp-json\/wp\/v2\/pages\/651\/revisions"}],"predecessor-version":[{"id":4040,"href":"https:\/\/www.maintower.de\/en\/wp-json\/wp\/v2\/pages\/651\/revisions\/4040"}],"wp:attachment":[{"href":"https:\/\/www.maintower.de\/en\/wp-json\/wp\/v2\/media?parent=651"}],"curies":[{"name":"wp","href":"https:\/\/api.w.org\/{rel}","templated":true}]}}