{"id":4155,"date":"2025-12-05T15:01:43","date_gmt":"2025-12-05T14:01:43","guid":{"rendered":"https:\/\/www.maintower.de\/?page_id=4155"},"modified":"2025-12-11T17:07:45","modified_gmt":"2025-12-11T16:07:45","slug":"app","status":"publish","type":"page","link":"https:\/\/www.maintower.de\/en\/app\/","title":{"rendered":"MAIN TOWER App"},"content":{"rendered":"<div data-elementor-type=\"wp-page\" data-elementor-id=\"4155\" class=\"elementor elementor-4155\" data-elementor-post-type=\"page\">\n\t\t\t\t<div class=\"elementor-element elementor-element-0dbcf90 e-flex e-con-boxed e-con e-parent\" data-id=\"0dbcf90\" data-element_type=\"container\" data-e-type=\"container\">\n\t\t\t\t\t<div class=\"e-con-inner\">\n\t\t<div class=\"elementor-element elementor-element-b0e1a4e e-con-full mt-scroll e-flex e-con e-child\" data-id=\"b0e1a4e\" data-element_type=\"container\" data-e-type=\"container\">\n\t\t\t\t<div class=\"elementor-element elementor-element-f8aa468 elementor-widget elementor-widget-menu-anchor\" data-id=\"f8aa468\" data-element_type=\"widget\" data-e-type=\"widget\" data-widget_type=\"menu-anchor.default\">\n\t\t\t\t<div class=\"elementor-widget-container\">\n\t\t\t\t\t\t\t<div class=\"elementor-menu-anchor\" id=\"Eintrittspreise\"><\/div>\n\t\t\t\t\t\t<\/div>\n\t\t\t\t<\/div>\n\t\t<div class=\"elementor-element elementor-element-aa5bb1c e-con-full e-flex e-con e-child\" data-id=\"aa5bb1c\" data-element_type=\"container\" data-e-type=\"container\">\n\t\t\t\t<div class=\"elementor-element elementor-element-d89e9d1 elementor-widget elementor-widget-heading\" data-id=\"d89e9d1\" data-element_type=\"widget\" data-e-type=\"widget\" data-widget_type=\"heading.default\">\n\t\t\t\t<div class=\"elementor-widget-container\">\n\t\t\t\t\t<h1 class=\"elementor-heading-title elementor-size-default\">MAIN TOWER App<\/h1>\t\t\t\t<\/div>\n\t\t\t\t<\/div>\n\t\t\t\t<div class=\"elementor-element elementor-element-b3ee138 elementor-widget elementor-widget-heading\" data-id=\"b3ee138\" data-element_type=\"widget\" data-e-type=\"widget\" data-widget_type=\"heading.default\">\n\t\t\t\t<div class=\"elementor-widget-container\">\n\t\t\t\t\t<h2 class=\"elementor-heading-title elementor-size-default\">DISCOVER THE WORLD \u2013<br>ABOVE THE ROOFTOPS OF FRANKFURT<\/h2>\t\t\t\t<\/div>\n\t\t\t\t<\/div>\n\t\t\t\t<div class=\"elementor-element elementor-element-10257cf elementor-widget elementor-widget-text-editor\" data-id=\"10257cf\" data-element_type=\"widget\" data-e-type=\"widget\" data-widget_type=\"text-editor.default\">\n\t\t\t\t<div class=\"elementor-widget-container\">\n\t\t\t\t\t\t\t\t\t<p>Experience the Frankfurt skyline like never before: With the MAIN TOWER App, your view transforms into an interactive augmented reality experience. Locate global cities on the horizon, explore your favourite places, and share your very own skyline moment.<\/p>\t\t\t\t\t\t\t\t<\/div>\n\t\t\t\t<\/div>\n\t\t<div class=\"elementor-element elementor-element-e7b800e e-grid e-con-full e-con e-child\" data-id=\"e7b800e\" data-element_type=\"container\" data-e-type=\"container\">\n\t\t<div class=\"elementor-element elementor-element-9ae0b5d e-con-full e-flex e-con e-child\" data-id=\"9ae0b5d\" data-element_type=\"container\" data-e-type=\"container\">\n\t\t\t\t<div class=\"elementor-element elementor-element-d3c2920 elementor-widget elementor-widget-image\" data-id=\"d3c2920\" data-element_type=\"widget\" data-e-type=\"widget\" data-widget_type=\"image.default\">\n\t\t\t\t<div class=\"elementor-widget-container\">\n\t\t\t\t\t\t\t\t\t\t\t\t\t\t\t\t<a href=\"https:\/\/www.maintower.de\/en\/appstore\/\" target=\"_blank\" rel=\"noopener\">\n\t\t\t\t\t\t\t<img decoding=\"async\" width=\"119\" height=\"40\" src=\"https:\/\/www.maintower.de\/wp-content\/uploads\/2025\/12\/Download_on_the_App_Store_Badge_DE_RGB_blk_092917.svg\" class=\"attachment-large size-large wp-image-4171\" alt=\"\" \/>\t\t\t\t\t\t\t\t<\/a>\n\t\t\t\t\t\t\t\t\t\t\t\t\t\t\t<\/div>\n\t\t\t\t<\/div>\n\t\t\t\t<div class=\"elementor-element elementor-element-5321289 elementor-widget elementor-widget-image\" data-id=\"5321289\" data-element_type=\"widget\" data-e-type=\"widget\" data-widget_type=\"image.default\">\n\t\t\t\t<div class=\"elementor-widget-container\">\n\t\t\t\t\t\t\t\t\t\t\t\t\t\t\t\t<a href=\"https:\/\/www.maintower.de\/en\/playstore\/\" target=\"_blank\" rel=\"noopener\">\n\t\t\t\t\t\t\t<img decoding=\"async\" width=\"238\" height=\"70\" src=\"https:\/\/www.maintower.de\/wp-content\/uploads\/2025\/12\/GetItOnGooglePlay_Badge_Web_color_German.svg\" class=\"attachment-large size-large wp-image-4173\" alt=\"\" \/>\t\t\t\t\t\t\t\t<\/a>\n\t\t\t\t\t\t\t\t\t\t\t\t\t\t\t<\/div>\n\t\t\t\t<\/div>\n\t\t\t\t<\/div>\n\t\t\t\t<div class=\"elementor-element elementor-element-a9dbd19 elementor-widget elementor-widget-image\" data-id=\"a9dbd19\" data-element_type=\"widget\" data-e-type=\"widget\" data-widget_type=\"image.default\">\n\t\t\t\t<div class=\"elementor-widget-container\">\n\t\t\t\t\t\t\t\t\t\t\t\t\t\t\t<img fetchpriority=\"high\" decoding=\"async\" width=\"645\" height=\"647\" src=\"https:\/\/www.maintower.de\/wp-content\/uploads\/2025\/12\/icon_maintower.png\" class=\"attachment-large size-large wp-image-4158\" alt=\"\" srcset=\"https:\/\/www.maintower.de\/wp-content\/uploads\/2025\/12\/icon_maintower.png 645w, https:\/\/www.maintower.de\/wp-content\/uploads\/2025\/12\/icon_maintower-300x300.png 300w, https:\/\/www.maintower.de\/wp-content\/uploads\/2025\/12\/icon_maintower-150x150.png 150w, https:\/\/www.maintower.de\/wp-content\/uploads\/2025\/12\/icon_maintower-12x12.png 12w\" sizes=\"(max-width: 645px) 100vw, 645px\" \/>\t\t\t\t\t\t\t\t\t\t\t\t\t\t\t<\/div>\n\t\t\t\t<\/div>\n\t\t\t\t<\/div>\n\t\t<div class=\"elementor-element elementor-element-4962a25 e-con-full e-grid e-con e-child\" data-id=\"4962a25\" data-element_type=\"container\" data-e-type=\"container\">\n\t\t<div class=\"elementor-element elementor-element-ce19738 e-con-full e-flex e-con e-child\" data-id=\"ce19738\" data-element_type=\"container\" data-e-type=\"container\">\n\t\t\t\t<div class=\"elementor-element elementor-element-b8d37e7 elementor-widget elementor-widget-heading\" data-id=\"b8d37e7\" data-element_type=\"widget\" data-e-type=\"widget\" data-widget_type=\"heading.default\">\n\t\t\t\t<div class=\"elementor-widget-container\">\n\t\t\t\t\t<h4 class=\"elementor-heading-title elementor-size-default\">Let the Skyline Become Your Compass<\/h4>\t\t\t\t<\/div>\n\t\t\t\t<\/div>\n\t\t\t\t<div class=\"elementor-element elementor-element-882d44b elementor-widget elementor-widget-text-editor\" data-id=\"882d44b\" data-element_type=\"widget\" data-e-type=\"widget\" data-widget_type=\"text-editor.default\">\n\t\t\t\t<div class=\"elementor-widget-container\">\n\t\t\t\t\t\t\t\t\t<p data-start=\"590\" data-end=\"807\">Simply scan a marker on the observation deck \u2013 the app will show you in real time where the 20 largest cities in the world are located. New York? Tokyo? S\u00e3o Paulo? The world is closer than you think.<\/p>\t\t\t\t\t\t\t\t<\/div>\n\t\t\t\t<\/div>\n\t\t\t\t<div class=\"elementor-element elementor-element-9f41b88 elementor-widget elementor-widget-heading\" data-id=\"9f41b88\" data-element_type=\"widget\" data-e-type=\"widget\" data-widget_type=\"heading.default\">\n\t\t\t\t<div class=\"elementor-widget-container\">\n\t\t\t\t\t<h4 class=\"elementor-heading-title elementor-size-default\">Enter any place<\/h4>\t\t\t\t<\/div>\n\t\t\t\t<\/div>\n\t\t\t\t<div class=\"elementor-element elementor-element-ec31993 elementor-widget elementor-widget-text-editor\" data-id=\"ec31993\" data-element_type=\"widget\" data-e-type=\"widget\" data-widget_type=\"text-editor.default\">\n\t\t\t\t<div class=\"elementor-widget-container\">\n\t\t\t\t\t\t\t\t\t<p data-start=\"590\" data-end=\"807\">Type in a city or a personal favourite location and instantly see where it appears on the horizon.<\/p>\t\t\t\t\t\t\t\t<\/div>\n\t\t\t\t<\/div>\n\t\t\t\t<\/div>\n\t\t<div class=\"elementor-element elementor-element-73c01d4 e-con-full e-flex e-con e-child\" data-id=\"73c01d4\" data-element_type=\"container\" data-e-type=\"container\">\n\t\t\t\t<div class=\"elementor-element elementor-element-05ff49a elementor-widget elementor-widget-heading\" data-id=\"05ff49a\" data-element_type=\"widget\" data-e-type=\"widget\" data-widget_type=\"heading.default\">\n\t\t\t\t<div class=\"elementor-widget-container\">\n\t\t\t\t\t<h4 class=\"elementor-heading-title elementor-size-default\">Your Moment. Your Picture. Your MAIN TOWER.<\/h4>\t\t\t\t<\/div>\n\t\t\t\t<\/div>\n\t\t\t\t<div class=\"elementor-element elementor-element-a7cfd88 elementor-widget elementor-widget-text-editor\" data-id=\"a7cfd88\" data-element_type=\"widget\" data-e-type=\"widget\" data-widget_type=\"text-editor.default\">\n\t\t\t\t<div class=\"elementor-widget-container\">\n\t\t\t\t\t\t\t\t\t<p data-start=\"999\" data-end=\"1042\">Capture your visit like never before:<\/p><ul data-start=\"1044\" data-end=\"1192\"><li data-start=\"1044\" data-end=\"1083\"><p data-start=\"1046\" data-end=\"1083\">Selfie mode with city labels<\/p><\/li><li data-start=\"1084\" data-end=\"1134\"><p data-start=\"1086\" data-end=\"1134\">Panorama mode for wide skyline shots<\/p><\/li><li data-start=\"1135\" data-end=\"1192\"><p data-start=\"1137\" data-end=\"1192\">Save or share directly \u2013 live from the viewing platform of MAIN TOWER<\/p><\/li><\/ul><p data-start=\"1194\" data-end=\"1279\">Perfect for social media, personal memories, or your very own Frankfurt highlight.<\/p>\t\t\t\t\t\t\t\t<\/div>\n\t\t\t\t<\/div>\n\t\t\t\t<div class=\"elementor-element elementor-element-b9df4e8 elementor-widget elementor-widget-heading\" data-id=\"b9df4e8\" data-element_type=\"widget\" data-e-type=\"widget\" data-widget_type=\"heading.default\">\n\t\t\t\t<div class=\"elementor-widget-container\">\n\t\t\t\t\t<h4 class=\"elementor-heading-title elementor-size-default\">Key Features<\/h4>\t\t\t\t<\/div>\n\t\t\t\t<\/div>\n\t\t\t\t<div class=\"elementor-element elementor-element-5f1ef93 elementor-widget elementor-widget-text-editor\" data-id=\"5f1ef93\" data-element_type=\"widget\" data-e-type=\"widget\" data-widget_type=\"text-editor.default\">\n\t\t\t\t<div class=\"elementor-widget-container\">\n\t\t\t\t\t\t\t\t\t<ul><li data-start=\"1324\" data-end=\"1374\"><p data-start=\"1326\" data-end=\"1374\">Precise positioning using the marker on the platform<\/p><\/li><li data-start=\"1375\" data-end=\"1433\"><p data-start=\"1377\" data-end=\"1433\">Real-time direction &amp; distance to 20 global metropolises<\/p><\/li><li data-start=\"1434\" data-end=\"1481\"><p data-start=\"1436\" data-end=\"1481\">Enter and display any city or place worldwide<\/p><\/li><li data-start=\"1482\" data-end=\"1532\"><p data-start=\"1484\" data-end=\"1532\">Selfie and panorama modes with city labels<\/p><\/li><li data-start=\"1533\" data-end=\"1562\"><p data-start=\"1535\" data-end=\"1562\">Save or share your photos directly<\/p><\/li><\/ul>\t\t\t\t\t\t\t\t<\/div>\n\t\t\t\t<\/div>\n\t\t\t\t<\/div>\n\t\t<div class=\"elementor-element elementor-element-dcec78f e-con-full e-flex e-con e-child\" data-id=\"dcec78f\" data-element_type=\"container\" data-e-type=\"container\">\n\t\t\t\t<div class=\"elementor-element elementor-element-c14afb8 elementor-widget elementor-widget-image\" data-id=\"c14afb8\" data-element_type=\"widget\" data-e-type=\"widget\" data-widget_type=\"image.default\">\n\t\t\t\t<div class=\"elementor-widget-container\">\n\t\t\t\t\t\t\t\t\t\t\t\t\t\t\t<img loading=\"lazy\" decoding=\"async\" width=\"491\" height=\"1024\" src=\"https:\/\/www.maintower.de\/wp-content\/uploads\/2025\/12\/image007-491x1024.png\" class=\"attachment-large size-large wp-image-4222\" alt=\"\" srcset=\"https:\/\/www.maintower.de\/wp-content\/uploads\/2025\/12\/image007-491x1024.png 491w, https:\/\/www.maintower.de\/wp-content\/uploads\/2025\/12\/image007-144x300.png 144w, https:\/\/www.maintower.de\/wp-content\/uploads\/2025\/12\/image007-768x1602.png 768w, https:\/\/www.maintower.de\/wp-content\/uploads\/2025\/12\/image007-736x1536.png 736w, https:\/\/www.maintower.de\/wp-content\/uploads\/2025\/12\/image007-982x2048.png 982w, https:\/\/www.maintower.de\/wp-content\/uploads\/2025\/12\/image007-6x12.png 6w, https:\/\/www.maintower.de\/wp-content\/uploads\/2025\/12\/image007.png 1088w\" sizes=\"(max-width: 491px) 100vw, 491px\" \/>\t\t\t\t\t\t\t\t\t\t\t\t\t\t\t<\/div>\n\t\t\t\t<\/div>\n\t\t\t\t<\/div>\n\t\t\t\t<\/div>\n\t\t\t\t<\/div>\n\t\t\t\t<\/div>\n\t\t<div class=\"elementor-element elementor-element-3bd08f0 e-con-full e-flex e-con e-child\" data-id=\"3bd08f0\" data-element_type=\"container\" data-e-type=\"container\" data-settings=\"{&quot;background_background&quot;:&quot;classic&quot;,&quot;position&quot;:&quot;absolute&quot;}\">\n\t\t\t\t<div class=\"elementor-element elementor-element-1fcda55 elementor-widget elementor-widget-heading\" data-id=\"1fcda55\" data-element_type=\"widget\" data-e-type=\"widget\" data-widget_type=\"heading.default\">\n\t\t\t\t<div class=\"elementor-widget-container\">\n\t\t\t\t\t<h2 class=\"elementor-heading-title elementor-size-default\">EXPERIENCE FRANKFURT IN A NEW WAY \u2013<br>WITH THE MAIN TOWER APP<\/h2>\t\t\t\t<\/div>\n\t\t\t\t<\/div>\n\t\t\t\t<div class=\"elementor-element elementor-element-2b19d93 elementor-widget elementor-widget-text-editor\" data-id=\"2b19d93\" data-element_type=\"widget\" data-e-type=\"widget\" data-widget_type=\"text-editor.default\">\n\t\t\t\t<div class=\"elementor-widget-container\">\n\t\t\t\t\t\t\t\t\t<p>The world begins here. Above the rooftops of the city.<\/p>\t\t\t\t\t\t\t\t<\/div>\n\t\t\t\t<\/div>\n\t\t<div class=\"elementor-element elementor-element-6522551 e-grid e-con-full e-con e-child\" data-id=\"6522551\" data-element_type=\"container\" data-e-type=\"container\">\n\t\t<div class=\"elementor-element elementor-element-8643f03 e-con-full e-flex e-con e-child\" data-id=\"8643f03\" data-element_type=\"container\" data-e-type=\"container\">\n\t\t\t\t<div class=\"elementor-element elementor-element-63f4570 elementor-widget elementor-widget-image\" data-id=\"63f4570\" data-element_type=\"widget\" data-e-type=\"widget\" data-widget_type=\"image.default\">\n\t\t\t\t<div class=\"elementor-widget-container\">\n\t\t\t\t\t\t\t\t\t\t\t\t\t\t\t\t<a href=\"https:\/\/www.maintower.de\/en\/appstore\/\" target=\"_blank\" rel=\"noopener\">\n\t\t\t\t\t\t\t<img decoding=\"async\" width=\"119\" height=\"40\" src=\"https:\/\/www.maintower.de\/wp-content\/uploads\/2025\/12\/Download_on_the_App_Store_Badge_DE_RGB_blk_092917.svg\" class=\"attachment-large size-large wp-image-4171\" alt=\"\" \/>\t\t\t\t\t\t\t\t<\/a>\n\t\t\t\t\t\t\t\t\t\t\t\t\t\t\t<\/div>\n\t\t\t\t<\/div>\n\t\t\t\t<div class=\"elementor-element elementor-element-ea042a1 elementor-widget elementor-widget-image\" data-id=\"ea042a1\" data-element_type=\"widget\" data-e-type=\"widget\" data-widget_type=\"image.default\">\n\t\t\t\t<div class=\"elementor-widget-container\">\n\t\t\t\t\t\t\t\t\t\t\t\t\t\t\t\t<a href=\"https:\/\/www.maintower.de\/en\/playstore\/\" target=\"_blank\" rel=\"noopener\">\n\t\t\t\t\t\t\t<img decoding=\"async\" width=\"238\" height=\"70\" src=\"https:\/\/www.maintower.de\/wp-content\/uploads\/2025\/12\/GetItOnGooglePlay_Badge_Web_color_German.svg\" class=\"attachment-large size-large wp-image-4173\" alt=\"\" \/>\t\t\t\t\t\t\t\t<\/a>\n\t\t\t\t\t\t\t\t\t\t\t\t\t\t\t<\/div>\n\t\t\t\t<\/div>\n\t\t\t\t<\/div>\n\t\t\t\t<div class=\"elementor-element elementor-element-77aff7f elementor-widget elementor-widget-image\" data-id=\"77aff7f\" data-element_type=\"widget\" data-e-type=\"widget\" data-widget_type=\"image.default\">\n\t\t\t\t<div class=\"elementor-widget-container\">\n\t\t\t\t\t\t\t\t\t\t\t\t\t\t\t<img fetchpriority=\"high\" decoding=\"async\" width=\"645\" height=\"647\" src=\"https:\/\/www.maintower.de\/wp-content\/uploads\/2025\/12\/icon_maintower.png\" class=\"attachment-large size-large wp-image-4158\" alt=\"\" srcset=\"https:\/\/www.maintower.de\/wp-content\/uploads\/2025\/12\/icon_maintower.png 645w, https:\/\/www.maintower.de\/wp-content\/uploads\/2025\/12\/icon_maintower-300x300.png 300w, https:\/\/www.maintower.de\/wp-content\/uploads\/2025\/12\/icon_maintower-150x150.png 150w, https:\/\/www.maintower.de\/wp-content\/uploads\/2025\/12\/icon_maintower-12x12.png 12w\" sizes=\"(max-width: 645px) 100vw, 645px\" \/>\t\t\t\t\t\t\t\t\t\t\t\t\t\t\t<\/div>\n\t\t\t\t<\/div>\n\t\t\t\t<\/div>\n\t\t\t\t<\/div>\n\t\t<div class=\"elementor-element elementor-element-32f18e3 mt-nav-section e-flex e-con-boxed e-con e-child\" data-id=\"32f18e3\" data-element_type=\"container\" data-e-type=\"container\" data-settings=\"{&quot;position&quot;:&quot;fixed&quot;}\">\n\t\t\t\t\t<div class=\"e-con-inner\">\n\t\t\t\t<div class=\"elementor-element elementor-element-6fad8ce elementor-widget elementor-widget-button\" data-id=\"6fad8ce\" data-element_type=\"widget\" data-e-type=\"widget\" data-widget_type=\"button.default\">\n\t\t\t\t<div class=\"elementor-widget-container\">\n\t\t\t\t\t\t\t\t\t<div class=\"elementor-button-wrapper\">\n\t\t\t\t\t<a class=\"elementor-button elementor-button-link elementor-size-sm\" href=\"https:\/\/www.maintower.de\/en\/panorama\/\">\n\t\t\t\t\t\t<span class=\"elementor-button-content-wrapper\">\n\t\t\t\t\t\t<span class=\"elementor-button-icon\">\n\t\t\t\t<svg xmlns=\"http:\/\/www.w3.org\/2000\/svg\" width=\"10\" height=\"16\" viewbox=\"0 0 10 16\" fill=\"none\"><path d=\"M9 1L2 8L9 15\" stroke=\"#092B38\" stroke-width=\"1.5\"><\/path><\/svg>\t\t\t<\/span>\n\t\t\t\t\t\t\t\t\t<span class=\"elementor-button-text\">back<\/span>\n\t\t\t\t\t<\/span>\n\t\t\t\t\t<\/a>\n\t\t\t\t<\/div>\n\t\t\t\t\t\t\t\t<\/div>\n\t\t\t\t<\/div>\n\t\t\t\t<div class=\"elementor-element elementor-element-336c64b elementor-widget elementor-widget-button\" data-id=\"336c64b\" data-element_type=\"widget\" data-e-type=\"widget\" data-widget_type=\"button.default\">\n\t\t\t\t<div class=\"elementor-widget-container\">\n\t\t\t\t\t\t\t\t\t<div class=\"elementor-button-wrapper\">\n\t\t\t\t\t<a class=\"elementor-button elementor-button-link elementor-size-sm\" href=\"\/en\/#ausblick\">\n\t\t\t\t\t\t<span class=\"elementor-button-content-wrapper\">\n\t\t\t\t\t\t<span class=\"elementor-button-icon\">\n\t\t\t\t<svg xmlns=\"http:\/\/www.w3.org\/2000\/svg\" xmlns:xlink=\"http:\/\/www.w3.org\/1999\/xlink\" width=\"14px\" height=\"16px\" viewbox=\"0 0 14 16\"><title>Stroke 1<\/title><g id=\"symbole\" stroke=\"none\" stroke-width=\"1\" fill=\"none\" fill-rule=\"evenodd\"><polyline id=\"Stroke-1\" stroke=\"#092B38\" stroke-width=\"1.5\" transform=\"translate(6.8096, 8.5) scale(-1, 1) rotate(270) translate(-6.8096, -8.5)\" points=\"-1.17098538e-14 3 8.03144308 3 13.6191406 8.5 8.03144308 14 2.04762452e-14 14\"><\/polyline><\/g><\/svg>\t\t\t<\/span>\n\t\t\t\t\t\t\t\t\t<span class=\"elementor-button-text\">Home<\/span>\n\t\t\t\t\t<\/span>\n\t\t\t\t\t<\/a>\n\t\t\t\t<\/div>\n\t\t\t\t\t\t\t\t<\/div>\n\t\t\t\t<\/div>\n\t\t\t\t\t<\/div>\n\t\t\t\t<\/div>\n\t\t\t\t\t<\/div>\n\t\t\t\t<\/div>\n\t\t\t\t<\/div>","protected":false},"excerpt":{"rendered":"<p>Main Tower App ENTDECKEN SIE DIE WELT \u2013\u00dcBER DEN D\u00c4CHERN VON FRANKFURT Erleben Sie die Frankfurter Skyline v\u00f6llig neu: Mit der MAIN TOWER App verwandelt sich Ihre Aussicht in ein interaktives Augmented-Reality-Erlebnis. Finden Sie Weltst\u00e4dte am Horizont, entdecken Sie pers\u00f6nliche Lieblingsorte und teilen Sie Ihren ganz besonderen Skyline-Moment. Die Skyline wird zu Ihrem Kompass Scannen [&hellip;]<\/p>\n","protected":false},"author":7,"featured_media":0,"parent":0,"menu_order":0,"comment_status":"closed","ping_status":"closed","template":"","meta":{"footnotes":""},"class_list":["post-4155","page","type-page","status-publish","hentry"],"_links":{"self":[{"href":"https:\/\/www.maintower.de\/en\/wp-json\/wp\/v2\/pages\/4155","targetHints":{"allow":["GET"]}}],"collection":[{"href":"https:\/\/www.maintower.de\/en\/wp-json\/wp\/v2\/pages"}],"about":[{"href":"https:\/\/www.maintower.de\/en\/wp-json\/wp\/v2\/types\/page"}],"author":[{"embeddable":true,"href":"https:\/\/www.maintower.de\/en\/wp-json\/wp\/v2\/users\/7"}],"replies":[{"embeddable":true,"href":"https:\/\/www.maintower.de\/en\/wp-json\/wp\/v2\/comments?post=4155"}],"version-history":[{"count":74,"href":"https:\/\/www.maintower.de\/en\/wp-json\/wp\/v2\/pages\/4155\/revisions"}],"predecessor-version":[{"id":4280,"href":"https:\/\/www.maintower.de\/en\/wp-json\/wp\/v2\/pages\/4155\/revisions\/4280"}],"wp:attachment":[{"href":"https:\/\/www.maintower.de\/en\/wp-json\/wp\/v2\/media?parent=4155"}],"curies":[{"name":"wp","href":"https:\/\/api.w.org\/{rel}","templated":true}]}}