{"id":398,"date":"2025-05-09T04:39:27","date_gmt":"2025-05-09T02:39:27","guid":{"rendered":"https:\/\/dev2.superliebe.com\/mt-2025\/?page_id=398"},"modified":"2025-08-12T13:01:01","modified_gmt":"2025-08-12T11:01:01","slug":"restaurant","status":"publish","type":"page","link":"https:\/\/www.maintower.de\/en\/startseite\/restaurant\/","title":{"rendered":"Restaurant"},"content":{"rendered":"<div data-elementor-type=\"wp-page\" data-elementor-id=\"398\" class=\"elementor elementor-398\" data-elementor-post-type=\"page\">\n\t\t\t\t<div class=\"elementor-element elementor-element-a9a2f37 hero-plus-frame__section e-flex e-con-boxed e-con e-child\" data-id=\"a9a2f37\" data-element_type=\"container\" data-e-type=\"container\" data-settings=\"{&quot;background_background&quot;:&quot;classic&quot;}\">\n\t\t\t\t\t<div class=\"e-con-inner\">\n\t\t<div class=\"elementor-element elementor-element-353568c e-con-full hero-plus-frame e-flex e-con e-child\" data-id=\"353568c\" data-element_type=\"container\" data-e-type=\"container\" data-settings=\"{&quot;background_background&quot;:&quot;classic&quot;,&quot;position&quot;:&quot;absolute&quot;}\">\n\t\t\t\t<\/div>\n\t\t<div class=\"elementor-element elementor-element-6dfa7e7 e-con-full e-flex e-con e-child\" data-id=\"6dfa7e7\" data-element_type=\"container\" data-e-type=\"container\">\n\t\t\t\t<div class=\"elementor-element elementor-element-d06a88c elementor-invisible elementor-widget elementor-widget-heading\" data-id=\"d06a88c\" data-element_type=\"widget\" data-e-type=\"widget\" data-settings=\"{&quot;_animation&quot;:&quot;fadeInUp&quot;}\" data-widget_type=\"heading.default\">\n\t\t\t\t<div class=\"elementor-widget-container\">\n\t\t\t\t\t<h1 class=\"elementor-heading-title elementor-size-default\">Main Tower Restaurant<\/h1>\t\t\t\t<\/div>\n\t\t\t\t<\/div>\n\t\t\t\t<div class=\"elementor-element elementor-element-5498f7d heading-title elementor-invisible elementor-widget elementor-widget-heading\" data-id=\"5498f7d\" data-element_type=\"widget\" data-e-type=\"widget\" data-settings=\"{&quot;_animation&quot;:&quot;fadeInUp&quot;,&quot;_animation_delay&quot;:200}\" data-widget_type=\"heading.default\">\n\t\t\t\t<div class=\"elementor-widget-container\">\n\t\t\t\t\t<h2 class=\"elementor-heading-title elementor-size-default\"><span><mark>Exquisite <\/mark>taste<\/span>\n<span>at lofty heights.<\/span><\/h2>\t\t\t\t<\/div>\n\t\t\t\t<\/div>\n\t\t<div class=\"elementor-element elementor-element-c95d5e9 e-con-full e-grid elementor-invisible e-con e-child\" data-id=\"c95d5e9\" data-element_type=\"container\" data-e-type=\"container\" data-settings=\"{&quot;animation&quot;:&quot;fadeInUp&quot;,&quot;animation_delay&quot;:400}\">\n\t\t\t\t<div class=\"elementor-element elementor-element-bf28964 text-ellipsis elementor-widget elementor-widget-text-editor\" data-id=\"bf28964\" data-element_type=\"widget\" data-e-type=\"widget\" data-widget_type=\"text-editor.default\">\n\t\t\t\t<div class=\"elementor-widget-container\">\n\t\t\t\t\t\t\t\t\t<p>After this great experience, enjoy the exclusive culinary offerings in the MAIN TOWER Restaurant &amp; Lounge on the 53rd floor, which is one of Frankfurt's most popular addresses for discerning guests.<\/p><p>During a romantic dinner for two or an inspiring evening with your business partners, you can enjoy unforgettable views of the city with food and drinks of the highest standard - thanks to the eight-meter-high glass front.<\/p><p class=\"p1\"><span class=\"s1\">Opening hours<br \/>Dinner at MAIN TOWER RESTAURANT<br \/><\/span><span class=\"s1\">Tuesday to Thursday 18.00 to 24.00<br \/><\/span><span class=\"s1\">Friday &amp; Saturday 18.00 to 01.00 h<br \/>Sunday and Monday closed<br \/><\/span><\/p><p class=\"p1\"><span class=\"s1\">MAIN TOWER Lounge<br \/><\/span><span class=\"s1\">Tuesday to Thursday 21.00 to 24.00<br \/><\/span><span class=\"s1\">Friday &amp; Saturday 21.00 to 01.00<br \/>Sunday and Monday closed<\/span><\/p><p class=\"p1\"><span class=\"s1\">Contact &amp; Reservations<\/span><\/p><p class=\"p1\"><span class=\"s1\">Call the restaurant<\/span><span class=\"s2\"><br \/>+4969 3650\u20134777<\/span><\/p><p class=\"p1\"><span class=\"s1\">You can reach the restaurant Tuesday to Friday from 10.00 to 18.00 (excluding public holidays in Hessen). If we are not available during this time, we are on duty for our guests or in conversation.<\/span><\/p><p>The possibility to book online and further information can be found at <a href=\"http:\/\/www.maintower-restaurant.de\" target=\"_blank\" rel=\"noopener\"><span class=\"s2\">http:\/\/www.maintower-restaurant.de<\/span><\/a><\/p><p class=\"p1\">\u00a0<\/p><p>\u00a0<\/p>\t\t\t\t\t\t\t\t<\/div>\n\t\t\t\t<\/div>\n\t\t\t\t<div class=\"elementor-element elementor-element-9b53c1d elementor-view-framed hero-plus elementor-shape-circle elementor-widget elementor-widget-icon\" data-id=\"9b53c1d\" data-element_type=\"widget\" data-e-type=\"widget\" data-widget_type=\"icon.default\">\n\t\t\t\t<div class=\"elementor-widget-container\">\n\t\t\t\t\t\t\t<div class=\"elementor-icon-wrapper\">\n\t\t\t<div class=\"elementor-icon\">\n\t\t\t<svg aria-hidden=\"true\" class=\"e-font-icon-svg e-fas-plus\" viewbox=\"0 0 448 512\" xmlns=\"http:\/\/www.w3.org\/2000\/svg\"><path d=\"M416 208H272V64c0-17.67-14.33-32-32-32h-32c-17.67 0-32 14.33-32 32v144H32c-17.67 0-32 14.33-32 32v32c0 17.67 14.33 32 32 32h144v144c0 17.67 14.33 32 32 32h32c17.67 0 32-14.33 32-32V304h144c17.67 0 32-14.33 32-32v-32c0-17.67-14.33-32-32-32z\"><\/path><\/svg>\t\t\t<\/div>\n\t\t<\/div>\n\t\t\t\t\t\t<\/div>\n\t\t\t\t<\/div>\n\t\t\t\t<\/div>\n\t\t\t\t<\/div>\n\t\t<div class=\"elementor-element elementor-element-9d62188 mt-nav-section e-flex e-con-boxed e-con e-child\" data-id=\"9d62188\" data-element_type=\"container\" data-e-type=\"container\" data-settings=\"{&quot;position&quot;:&quot;fixed&quot;}\">\n\t\t\t\t\t<div class=\"e-con-inner\">\n\t\t\t\t<div class=\"elementor-element elementor-element-d836c61 elementor-widget elementor-widget-button\" data-id=\"d836c61\" data-element_type=\"widget\" data-e-type=\"widget\" data-widget_type=\"button.default\">\n\t\t\t\t<div class=\"elementor-widget-container\">\n\t\t\t\t\t\t\t\t\t<div class=\"elementor-button-wrapper\">\n\t\t\t\t\t<a class=\"elementor-button elementor-button-link elementor-size-sm\" href=\"\/en\/faq\/\">\n\t\t\t\t\t\t<span class=\"elementor-button-content-wrapper\">\n\t\t\t\t\t\t<span class=\"elementor-button-icon\">\n\t\t\t\t<svg xmlns=\"http:\/\/www.w3.org\/2000\/svg\" width=\"10\" height=\"16\" viewbox=\"0 0 10 16\" fill=\"none\"><path d=\"M9 1L2 8L9 15\" stroke=\"#092B38\" stroke-width=\"1.5\"><\/path><\/svg>\t\t\t<\/span>\n\t\t\t\t\t\t\t\t\t<span class=\"elementor-button-text\">back<\/span>\n\t\t\t\t\t<\/span>\n\t\t\t\t\t<\/a>\n\t\t\t\t<\/div>\n\t\t\t\t\t\t\t\t<\/div>\n\t\t\t\t<\/div>\n\t\t\t\t<div class=\"elementor-element elementor-element-34a248e elementor-widget elementor-widget-button\" data-id=\"34a248e\" data-element_type=\"widget\" data-e-type=\"widget\" data-widget_type=\"button.default\">\n\t\t\t\t<div class=\"elementor-widget-container\">\n\t\t\t\t\t\t\t\t\t<div class=\"elementor-button-wrapper\">\n\t\t\t\t\t<a class=\"elementor-button elementor-button-link elementor-size-sm\" href=\"\/en\/fitnessstudio\/\">\n\t\t\t\t\t\t<span class=\"elementor-button-content-wrapper\">\n\t\t\t\t\t\t<span class=\"elementor-button-icon\">\n\t\t\t\t<svg xmlns=\"http:\/\/www.w3.org\/2000\/svg\" width=\"10\" height=\"16\" viewbox=\"0 0 10 16\" fill=\"none\"><path d=\"M1 1L8 8L1 15\" stroke=\"#092B38\" stroke-width=\"1.5\"><\/path><\/svg>\t\t\t<\/span>\n\t\t\t\t\t\t\t\t\t<span class=\"elementor-button-text\">next<\/span>\n\t\t\t\t\t<\/span>\n\t\t\t\t\t<\/a>\n\t\t\t\t<\/div>\n\t\t\t\t\t\t\t\t<\/div>\n\t\t\t\t<\/div>\n\t\t\t\t\t<\/div>\n\t\t\t\t<\/div>\n\t\t\t\t\t<\/div>\n\t\t\t\t<\/div>\n\t\t\t\t<\/div>","protected":false},"excerpt":{"rendered":"<p>Main Tower Restaurant Exquisiter Geschmack in luftiger H\u00f6he. Genie\u00dfen Sie nach diesem gro\u00dfartigen Erlebnis auch das exklusive kulinarische Angebot im MAIN TOWER Restaurant &amp; Lounge im 53. Stock, das zu den beliebtesten Frankfurter Adressen f\u00fcr anspruchsvolle G\u00e4ste geh\u00f6rt. Bei einem romantischem Dinner zu zweit oder einem inspirierenden Abend mit Ihren Gesch\u00e4ftspartnern k\u00f6nnen Sie zu Speisen [&hellip;]<\/p>\n","protected":false},"author":2,"featured_media":0,"parent":974,"menu_order":0,"comment_status":"closed","ping_status":"closed","template":"","meta":{"footnotes":""},"class_list":["post-398","page","type-page","status-publish","hentry"],"_links":{"self":[{"href":"https:\/\/www.maintower.de\/en\/wp-json\/wp\/v2\/pages\/398","targetHints":{"allow":["GET"]}}],"collection":[{"href":"https:\/\/www.maintower.de\/en\/wp-json\/wp\/v2\/pages"}],"about":[{"href":"https:\/\/www.maintower.de\/en\/wp-json\/wp\/v2\/types\/page"}],"author":[{"embeddable":true,"href":"https:\/\/www.maintower.de\/en\/wp-json\/wp\/v2\/users\/2"}],"replies":[{"embeddable":true,"href":"https:\/\/www.maintower.de\/en\/wp-json\/wp\/v2\/comments?post=398"}],"version-history":[{"count":104,"href":"https:\/\/www.maintower.de\/en\/wp-json\/wp\/v2\/pages\/398\/revisions"}],"predecessor-version":[{"id":4074,"href":"https:\/\/www.maintower.de\/en\/wp-json\/wp\/v2\/pages\/398\/revisions\/4074"}],"up":[{"embeddable":true,"href":"https:\/\/www.maintower.de\/en\/wp-json\/wp\/v2\/pages\/974"}],"wp:attachment":[{"href":"https:\/\/www.maintower.de\/en\/wp-json\/wp\/v2\/media?parent=398"}],"curies":[{"name":"wp","href":"https:\/\/api.w.org\/{rel}","templated":true}]}}