{"id":3722,"date":"2025-07-07T14:43:51","date_gmt":"2025-07-07T12:43:51","guid":{"rendered":"https:\/\/dev2.superliebe.com\/mt-2025\/?page_id=3722"},"modified":"2025-08-12T12:50:00","modified_gmt":"2025-08-12T10:50:00","slug":"bueroraeume","status":"publish","type":"page","link":"https:\/\/www.maintower.de\/en\/bueroraeume\/","title":{"rendered":"Office Premises"},"content":{"rendered":"<div data-elementor-type=\"wp-page\" data-elementor-id=\"3722\" class=\"elementor elementor-3722\" data-elementor-post-type=\"page\">\n\t\t\t\t<div class=\"elementor-element elementor-element-46d1b63 e-flex e-con-boxed e-con e-parent\" data-id=\"46d1b63\" data-element_type=\"container\" data-e-type=\"container\" data-settings=\"{&quot;background_background&quot;:&quot;classic&quot;}\">\n\t\t\t\t\t<div class=\"e-con-inner\">\n\t\t\t\t<div class=\"elementor-element elementor-element-585279a elementor-hidden-widescreen elementor-hidden-desktop elementor-hidden-tablet elementor-widget elementor-widget-spacer\" data-id=\"585279a\" data-element_type=\"widget\" data-e-type=\"widget\" data-widget_type=\"spacer.default\">\n\t\t\t\t<div class=\"elementor-widget-container\">\n\t\t\t\t\t\t\t<div class=\"elementor-spacer\">\n\t\t\t<div class=\"elementor-spacer-inner\"><\/div>\n\t\t<\/div>\n\t\t\t\t\t\t<\/div>\n\t\t\t\t<\/div>\n\t\t<div class=\"elementor-element elementor-element-823b5f9 e-con-full e-flex e-con e-child\" data-id=\"823b5f9\" data-element_type=\"container\" data-e-type=\"container\">\n\t\t\t\t<div class=\"elementor-element elementor-element-a4d9498 elementor-invisible elementor-widget elementor-widget-heading\" data-id=\"a4d9498\" data-element_type=\"widget\" data-e-type=\"widget\" data-settings=\"{&quot;_animation&quot;:&quot;fadeInUp&quot;}\" data-widget_type=\"heading.default\">\n\t\t\t\t<div class=\"elementor-widget-container\">\n\t\t\t\t\t<h1 class=\"elementor-heading-title elementor-size-default\">MAIN TOWER Office premises<\/h1>\t\t\t\t<\/div>\n\t\t\t\t<\/div>\n\t\t\t\t<div class=\"elementor-element elementor-element-6ec8049 heading-title elementor-invisible elementor-widget elementor-widget-heading\" data-id=\"6ec8049\" data-element_type=\"widget\" data-e-type=\"widget\" data-settings=\"{&quot;_animation&quot;:&quot;fadeInUp&quot;,&quot;_animation_delay&quot;:200}\" data-widget_type=\"heading.default\">\n\t\t\t\t<div class=\"elementor-widget-container\">\n\t\t\t\t\t<h2 class=\"elementor-heading-title elementor-size-default\"><span>A look at<\/span><span><span style=\"font-weight: 700;display: inline !important\">the office spaces<\/span><span style=\"display: inline !important\"><\/span><\/span><\/h2>\t\t\t\t<\/div>\n\t\t\t\t<\/div>\n\t\t\t\t<div class=\"elementor-element elementor-element-03f133b elementor-widget__width-initial elementor-invisible elementor-widget elementor-widget-text-editor\" data-id=\"03f133b\" data-element_type=\"widget\" data-e-type=\"widget\" data-settings=\"{&quot;_animation&quot;:&quot;fadeInUp&quot;,&quot;_animation_delay&quot;:200}\" data-widget_type=\"text-editor.default\">\n\t\t\t\t<div class=\"elementor-widget-container\">\n\t\t\t\t\t\t\t\t\t<p>Flexible premium offices in a central Frankfurt location, complemented by sustainable architecture and exclusive services - for an efficient and comfortable working environment.<\/p>\t\t\t\t\t\t\t\t<\/div>\n\t\t\t\t<\/div>\n\t\t\t\t<\/div>\n\t\t\t\t<div class=\"elementor-element elementor-element-d48c70b elementor-widget elementor-widget-mt_timeline_slider\" data-id=\"d48c70b\" data-element_type=\"widget\" data-e-type=\"widget\" data-widget_type=\"mt_timeline_slider.default\">\n\t\t\t\t<div class=\"elementor-widget-container\">\n\t\t\t\t\t\n        <div class=\"mt-timeline-slider\"\n            data-autoplay=\"\"\n            data-autoplay-speed=\"\"\n            data-transition-speed=\"1000\"\n            data-space-between=\"280\">\n\n            <div class=\"swiper mt-timeline-slider__main\">\n                <div class=\"swiper-wrapper\">\n                                            <div class=\"swiper-slide mt-timeline-slider__slide elementor-repeater-item-83f0581\">\n                                                            <div class=\"mt-timeline-slider__image\">\n                                    <img decoding=\"async\" src=\"https:\/\/maintower.de\/wp-content\/uploads\/2025\/07\/9103-8142-1024x683-1.jpg\" alt=\"Reception\" class=\"mt-timeline-slider__image\">\n                                    <div class=\"mt-timeline-slider__overlay\"><\/div>\n                                <\/div>\n                                                        <div class=\"mt-timeline-slider__container\">\n                                <div class=\"mt-timeline-slider__content\">\n                                    <div class=\"mt-timeline-slider__year\"><\/div>\n\n                                                                            <h3 class=\"mt-timeline-slider__title\">Reception<\/h3>\n                                    \n                                                                            <div class=\"mt-timeline-slider__description\"><p>The stylish entrance area serves as the user's calling card and makes for a pleasant first contact.<br \/>Discreet media integration supports orientation and creates an inviting atmosphere.<\/p><\/div>\n                                    \n                                                                    <\/div>\n                            <\/div>\n                        <\/div>\n                                            <div class=\"swiper-slide mt-timeline-slider__slide elementor-repeater-item-fc70053\">\n                                                            <div class=\"mt-timeline-slider__image\">\n                                    <img decoding=\"async\" src=\"https:\/\/maintower.de\/wp-content\/uploads\/2025\/07\/9103-8197-1024x683-1.jpg\" alt=\"Parlor\" class=\"mt-timeline-slider__image\">\n                                    <div class=\"mt-timeline-slider__overlay\"><\/div>\n                                <\/div>\n                                                        <div class=\"mt-timeline-slider__container\">\n                                <div class=\"mt-timeline-slider__content\">\n                                    <div class=\"mt-timeline-slider__year\"><\/div>\n\n                                                                            <h3 class=\"mt-timeline-slider__title\">Parlor<\/h3>\n                                    \n                                                                            <div class=\"mt-timeline-slider__description\"><p data-start=\"81\" data-end=\"313\">A brightly designed room with fresh colors and comfortable furnishings creates a relaxed atmosphere. <br \/>It invites you to linger, chat or enjoy the view over the city.<\/p><\/div>\n                                    \n                                                                    <\/div>\n                            <\/div>\n                        <\/div>\n                                            <div class=\"swiper-slide mt-timeline-slider__slide elementor-repeater-item-3225e94\">\n                                                            <div class=\"mt-timeline-slider__image\">\n                                    <img decoding=\"async\" src=\"https:\/\/maintower.de\/wp-content\/uploads\/2025\/07\/9103-7553-1024x683-1.jpg\" alt=\"State-of-the-art offices\" class=\"mt-timeline-slider__image\">\n                                    <div class=\"mt-timeline-slider__overlay\"><\/div>\n                                <\/div>\n                                                        <div class=\"mt-timeline-slider__container\">\n                                <div class=\"mt-timeline-slider__content\">\n                                    <div class=\"mt-timeline-slider__year\"><\/div>\n\n                                                                            <h3 class=\"mt-timeline-slider__title\">State-of-the-art offices<\/h3>\n                                    \n                                                                            <div class=\"mt-timeline-slider__description\"><p>The classic cell structure is interpreted in a modern way with glass walls. <br \/>Floor-to-ceiling glazing creates openness and expands the view - supported by the striking, curved facade of the MAIN TOWER.<\/p><\/div>\n                                    \n                                                                    <\/div>\n                            <\/div>\n                        <\/div>\n                                            <div class=\"swiper-slide mt-timeline-slider__slide elementor-repeater-item-ad56727\">\n                                                            <div class=\"mt-timeline-slider__image\">\n                                    <img decoding=\"async\" src=\"https:\/\/maintower.de\/wp-content\/uploads\/2025\/07\/9103-8210-1024x683-1.jpg\" alt=\"Grid\" class=\"mt-timeline-slider__image\">\n                                    <div class=\"mt-timeline-slider__overlay\"><\/div>\n                                <\/div>\n                                                        <div class=\"mt-timeline-slider__container\">\n                                <div class=\"mt-timeline-slider__content\">\n                                    <div class=\"mt-timeline-slider__year\"><\/div>\n\n                                                                            <h3 class=\"mt-timeline-slider__title\">Grid<\/h3>\n                                    \n                                                                            <div class=\"mt-timeline-slider__description\"><p>Efficient grid structures enable versatile room solutions - from functional individual offices to representative meeting areas, individually adaptable to the needs of the users.<\/p><\/div>\n                                    \n                                                                    <\/div>\n                            <\/div>\n                        <\/div>\n                                            <div class=\"swiper-slide mt-timeline-slider__slide elementor-repeater-item-e32787f\">\n                                                            <div class=\"mt-timeline-slider__image\">\n                                    <img decoding=\"async\" src=\"https:\/\/maintower.de\/wp-content\/uploads\/2025\/07\/9103-7574-1024x683-1.jpg\" alt=\"Meeting area\" class=\"mt-timeline-slider__image\">\n                                    <div class=\"mt-timeline-slider__overlay\"><\/div>\n                                <\/div>\n                                                        <div class=\"mt-timeline-slider__container\">\n                                <div class=\"mt-timeline-slider__content\">\n                                    <div class=\"mt-timeline-slider__year\"><\/div>\n\n                                                                            <h3 class=\"mt-timeline-slider__title\">Meeting area<\/h3>\n                                    \n                                                                            <div class=\"mt-timeline-slider__description\"><p>Cleverly arranged functional areas and ergonomically optimized furniture promote communication and create a versatile, team-oriented working environment.<\/p><\/div>\n                                    \n                                                                    <\/div>\n                            <\/div>\n                        <\/div>\n                                            <div class=\"swiper-slide mt-timeline-slider__slide elementor-repeater-item-bc9246b\">\n                                                            <div class=\"mt-timeline-slider__image\">\n                                    <img decoding=\"async\" src=\"https:\/\/maintower.de\/wp-content\/uploads\/2025\/07\/9103-7580-1024x683-1.jpg\" alt=\"Kitchenette\" class=\"mt-timeline-slider__image\">\n                                    <div class=\"mt-timeline-slider__overlay\"><\/div>\n                                <\/div>\n                                                        <div class=\"mt-timeline-slider__container\">\n                                <div class=\"mt-timeline-slider__content\">\n                                    <div class=\"mt-timeline-slider__year\"><\/div>\n\n                                                                            <h3 class=\"mt-timeline-slider__title\">Kitchenette<\/h3>\n                                    \n                                                                            <div class=\"mt-timeline-slider__description\"><p>The kitchenette, which is equipped with modern technology, is elegantly integrated into the architecture of the high-rise core.<\/p><\/div>\n                                    \n                                                                    <\/div>\n                            <\/div>\n                        <\/div>\n                                            <div class=\"swiper-slide mt-timeline-slider__slide elementor-repeater-item-6781a99\">\n                                                            <div class=\"mt-timeline-slider__image\">\n                                    <img decoding=\"async\" src=\"https:\/\/maintower.de\/wp-content\/uploads\/2025\/07\/9103-8214-1024x683-1.jpg\" alt=\"Conference Room\" class=\"mt-timeline-slider__image\">\n                                    <div class=\"mt-timeline-slider__overlay\"><\/div>\n                                <\/div>\n                                                        <div class=\"mt-timeline-slider__container\">\n                                <div class=\"mt-timeline-slider__content\">\n                                    <div class=\"mt-timeline-slider__year\"><\/div>\n\n                                                                            <h3 class=\"mt-timeline-slider__title\">Conference Room<\/h3>\n                                    \n                                                                            <div class=\"mt-timeline-slider__description\"><p>The spacious room combines functional elegance with modern communication technology that effectively networks decentralized teams and remote customers.<\/p><\/div>\n                                    \n                                                                    <\/div>\n                            <\/div>\n                        <\/div>\n                                            <div class=\"swiper-slide mt-timeline-slider__slide elementor-repeater-item-ab8f908\">\n                                                            <div class=\"mt-timeline-slider__image\">\n                                    <img decoding=\"async\" src=\"https:\/\/maintower.de\/wp-content\/uploads\/2025\/07\/9103-7591-1024x683-1.jpg\" alt=\"Numerous options\" class=\"mt-timeline-slider__image\">\n                                    <div class=\"mt-timeline-slider__overlay\"><\/div>\n                                <\/div>\n                                                        <div class=\"mt-timeline-slider__container\">\n                                <div class=\"mt-timeline-slider__content\">\n                                    <div class=\"mt-timeline-slider__year\"><\/div>\n\n                                                                            <h3 class=\"mt-timeline-slider__title\">Numerous options<\/h3>\n                                    \n                                                                            <div class=\"mt-timeline-slider__description\"><p>As a skyscraper, the MAIN TOWER combines innovative spatial concepts with an inspiring atmosphere that impressively conveys space and flexibility.<\/p><\/div>\n                                    \n                                                                    <\/div>\n                            <\/div>\n                        <\/div>\n                                    <\/div>\n            <\/div>\n\n                            <div class=\"mt-timeline-slider__nav\">\n                    <div class=\"swiper-button-prev\"><\/div>\n                    <div class=\"swiper-button-next\"><\/div>\n                <\/div>\n                    <\/div>\n\n\t\t\t\t<\/div>\n\t\t\t\t<\/div>\n\t\t<div class=\"elementor-element elementor-element-28478fa mt-nav-section e-flex e-con-boxed e-con e-child\" data-id=\"28478fa\" data-element_type=\"container\" data-e-type=\"container\" data-settings=\"{&quot;position&quot;:&quot;fixed&quot;}\">\n\t\t\t\t\t<div class=\"e-con-inner\">\n\t\t\t\t<div class=\"elementor-element elementor-element-121e5d7 elementor-widget elementor-widget-button\" data-id=\"121e5d7\" data-element_type=\"widget\" data-e-type=\"widget\" data-widget_type=\"button.default\">\n\t\t\t\t<div class=\"elementor-widget-container\">\n\t\t\t\t\t\t\t\t\t<div class=\"elementor-button-wrapper\">\n\t\t\t\t\t<a class=\"elementor-button elementor-button-link elementor-size-sm\" href=\"\/en\/mieten-besichtigen\/\">\n\t\t\t\t\t\t<span class=\"elementor-button-content-wrapper\">\n\t\t\t\t\t\t<span class=\"elementor-button-icon\">\n\t\t\t\t<svg xmlns=\"http:\/\/www.w3.org\/2000\/svg\" width=\"10\" height=\"16\" viewbox=\"0 0 10 16\" fill=\"none\"><path d=\"M9 1L2 8L9 15\" stroke=\"#092B38\" stroke-width=\"1.5\"><\/path><\/svg>\t\t\t<\/span>\n\t\t\t\t\t\t\t\t\t<span class=\"elementor-button-text\">back<\/span>\n\t\t\t\t\t<\/span>\n\t\t\t\t\t<\/a>\n\t\t\t\t<\/div>\n\t\t\t\t\t\t\t\t<\/div>\n\t\t\t\t<\/div>\n\t\t\t\t<div class=\"elementor-element elementor-element-74708a9 elementor-widget elementor-widget-button\" data-id=\"74708a9\" data-element_type=\"widget\" data-e-type=\"widget\" data-widget_type=\"button.default\">\n\t\t\t\t<div class=\"elementor-widget-container\">\n\t\t\t\t\t\t\t\t\t<div class=\"elementor-button-wrapper\">\n\t\t\t\t\t<a class=\"elementor-button elementor-button-link elementor-size-sm\" href=\"\/en\/bueroflaechen-services\/\">\n\t\t\t\t\t\t<span class=\"elementor-button-content-wrapper\">\n\t\t\t\t\t\t<span class=\"elementor-button-icon\">\n\t\t\t\t<svg xmlns=\"http:\/\/www.w3.org\/2000\/svg\" width=\"10\" height=\"16\" viewbox=\"0 0 10 16\" fill=\"none\"><path d=\"M1 1L8 8L1 15\" stroke=\"#092B38\" stroke-width=\"1.5\"><\/path><\/svg>\t\t\t<\/span>\n\t\t\t\t\t\t\t\t\t<span class=\"elementor-button-text\">next<\/span>\n\t\t\t\t\t<\/span>\n\t\t\t\t\t<\/a>\n\t\t\t\t<\/div>\n\t\t\t\t\t\t\t\t<\/div>\n\t\t\t\t<\/div>\n\t\t\t\t\t<\/div>\n\t\t\t\t<\/div>\n\t\t\t\t\t<\/div>\n\t\t\t\t<\/div>\n\t\t\t\t<\/div>","protected":false},"excerpt":{"rendered":"<p>Main Tower B\u00fcror\u00e4ume Ein Blick indie B\u00fcror\u00e4ume Flexible Premium-B\u00fcros in zentraler Frankfurter Lage, erg\u00e4nzt durch nachhaltige Architektur und exklusive Services \u2013 f\u00fcr ein effizientes und komfortables Arbeitsumfeld. Empfang Der stilvolle Eingangsbereich dient als Visitenkarte des Nutzers und erm\u00f6glicht einen angenehmen ersten Kontakt.Eine dezente Medieneinbindung unterst\u00fctzt die Orientierung und schafft eine einladende Atmosph\u00e4re. Salon Ein hell [&hellip;]<\/p>\n","protected":false},"author":7,"featured_media":0,"parent":0,"menu_order":0,"comment_status":"closed","ping_status":"closed","template":"","meta":{"footnotes":""},"class_list":["post-3722","page","type-page","status-publish","hentry"],"_links":{"self":[{"href":"https:\/\/www.maintower.de\/en\/wp-json\/wp\/v2\/pages\/3722","targetHints":{"allow":["GET"]}}],"collection":[{"href":"https:\/\/www.maintower.de\/en\/wp-json\/wp\/v2\/pages"}],"about":[{"href":"https:\/\/www.maintower.de\/en\/wp-json\/wp\/v2\/types\/page"}],"author":[{"embeddable":true,"href":"https:\/\/www.maintower.de\/en\/wp-json\/wp\/v2\/users\/7"}],"replies":[{"embeddable":true,"href":"https:\/\/www.maintower.de\/en\/wp-json\/wp\/v2\/comments?post=3722"}],"version-history":[{"count":47,"href":"https:\/\/www.maintower.de\/en\/wp-json\/wp\/v2\/pages\/3722\/revisions"}],"predecessor-version":[{"id":4034,"href":"https:\/\/www.maintower.de\/en\/wp-json\/wp\/v2\/pages\/3722\/revisions\/4034"}],"wp:attachment":[{"href":"https:\/\/www.maintower.de\/en\/wp-json\/wp\/v2\/media?parent=3722"}],"curies":[{"name":"wp","href":"https:\/\/api.w.org\/{rel}","templated":true}]}}