{"id":3154,"date":"2025-06-24T15:01:23","date_gmt":"2025-06-24T13:01:23","guid":{"rendered":"https:\/\/dev2.superliebe.com\/mt-2025\/?page_id=3154"},"modified":"2025-07-03T13:53:14","modified_gmt":"2025-07-03T11:53:14","slug":"barrierefreiheitserklaerung","status":"publish","type":"page","link":"https:\/\/www.maintower.de\/en\/barrierefreiheitserklaerung\/","title":{"rendered":"Declaration of accessibility"},"content":{"rendered":"<div data-elementor-type=\"wp-page\" data-elementor-id=\"3154\" class=\"elementor elementor-3154\" data-elementor-post-type=\"page\">\n\t\t\t\t<div class=\"elementor-element elementor-element-1b65c7ca e-flex e-con-boxed e-con e-parent\" data-id=\"1b65c7ca\" data-element_type=\"container\" data-e-type=\"container\">\n\t\t\t\t\t<div class=\"e-con-inner\">\n\t\t\t\t<div class=\"elementor-element elementor-element-14ef146 elementor-widget-widescreen__width-inherit elementor-widget-tablet__width-inherit elementor-widget-mobile__width-inherit elementor-widget elementor-widget-text-editor\" data-id=\"14ef146\" data-element_type=\"widget\" data-e-type=\"widget\" data-widget_type=\"text-editor.default\">\n\t\t\t\t<div class=\"elementor-widget-container\">\n\t\t\t\t\t\t\t\t\t<p>Diese Erkl\u00e4rung zur Barrierefreiheit gilt f\u00fcr die unter der <a title=\"https:\/\/www.maintower.com\/\" href=\"https:\/\/www.maintower.com\/\" target=\"_blank\" rel=\"noreferrer noopener\">https:\/\/www.maintower.de\/<\/a> ver\u00f6ffentlichten Website der Helaba Landesbank Hessen-Th\u00fcringen.\u2028\u2028<\/p><p>Als \u00f6ffentliche Stelle im Sinne der Richtlinie (EU) 2016\/2102 sind wir bem\u00fcht, unsere Websites und mobilen Anwendungen im Einklang mit den Bestimmungen des Behindertengleichstellungsgesetzes des Bundes (BGG) sowie der Barrierefreien-Informationstechnik-Verordnung (BITV 2.0) zur Umsetzung der Richtlinie (EU) 2016\/2102 barrierefrei zug\u00e4nglich zu machen.<\/p><h2>Stand der Vereinbarkeit mit den Anforderungen<\/h2><p>Diese Website ist wegen folgender Ausnahmen teilweise nicht mit den Anforderungen der EN 301 549 vereinbar (gem\u00e4\u00df \u00a7 3 &#8222;Anzuwendende Standards&#8220; der Barrierefreie-Informationstechnik-Verordnung &#8211; BITV 2.0 gilt diese europ\u00e4ische Norm als Richtlinie f\u00fcr die Barrierefreiheit von Webseiten):<\/p><p>1. Die verwendeten Texte auf der Website weisen nicht in allen Zust\u00e4nden ausreichende Helligkeitskontraste auf.<br \/>2. Die verwendeten visuellen Informationen von informationstragenden Grafiken und grafischen Bedienelementen sowie deren Zust\u00e4nde auf der Website stellen teilweise keinen Kontrast von mindestens 3:1 zu angrenzenden Farben dar.<br \/>3. Bewegte oder automatisch aktualisierte Inhalte sind nicht alle anhaltbar.<br \/>4. Die Reihenfolge der Tastaturbedienung ist teilweise nicht schl\u00fcssig.<br \/>5. Bei Schriftvergr\u00f6\u00dferung auf 200% kommt es zu \u00dcberlappungen von Text, oder Inhalte werden abgeschnitten.<br \/>6.\u00a0Anderssprachige W\u00f6rter und Abschnitte sind nicht durchg\u00e4ngig ausgezeichnet.\u00a0<\/p><h2>Erstellung dieser Erkl\u00e4rung zur Barrierefreiheit<\/h2><p>Diese Erkl\u00e4rung wurde am 26. Juni 2025 auf der Grundlage einer BIK BITV-Selbstbewertung erstellt.<\/p><h2>Barrieren melden: Kontakt zu den Feedback Ansprechpartnern<\/h2><p>Sie m\u00f6chten uns bestehende Barrieren mitteilen oder Informationen zur Umsetzung der Barrierefreiheit erfragen? F\u00fcr Ihr Feedback sowie alle weiteren Informationen wenden Sie sich an das Empfangsteam des MAIN TOWER: E-Mail:\u00a0<a title=\"mailto:plattform@bv-maintower.de\" href=\"mailto:plattform@bv-maintower.de\" target=\"_blank\" rel=\"noreferrer noopener\">plattform@bv-maintower.de\u00a0<\/a>Telefon: +49 69 3650-4878.<br \/>Oder kontaktieren Sie uns \u00fcber unser\u00a0<a title=\"https:\/\/maintower.de\/kontakt\/\" href=\"https:\/\/www.maintower.de\/en\/kontakt\/\" target=\"_blank\" rel=\"noreferrer noopener\">Kontaktformular.<\/a><\/p><h2>Schlichtungsverfahren<\/h2><p>Wenn auch nach Ihrem Feedback an den oben genannten Kontakt keine zufriedenstellende L\u00f6sung gefunden wurde, k\u00f6nnen Sie sich an die Schlichtungsstelle nach \u00a7 16 BGG wenden. Die Schlichtungsstelle BGG hat die Aufgabe, bei Konflikten zum Thema Barrierefreiheit zwischen Menschen mit Behinderungen und \u00f6ffentlichen Stellen des Bundes eine au\u00dfergerichtliche Streitbeilegung zu unterst\u00fctzen. Das Schlichtungsverfahren ist kostenlos. Es muss kein Rechtsbeistand eingeschaltet werden.<\/p><p>Weitere Informationen zum Schlichtungsverfahren und den M\u00f6glichkeiten der Antragstellung erhalten Sie unter:\u00a0<a title=\"https:\/\/www.schlichtungsstelle-bgg.de\/webs\/schlibgg\/de\/as\/startseite\/startseite-node.html\" href=\"https:\/\/www.schlichtungsstelle-bgg.de\/Webs\/SchliBGG\/DE\/AS\/startseite\/startseite-node.html\" target=\"_blank\" rel=\"noreferrer noopener\">www.schlichtungsstelle-bgg.de. <\/a>Direkt kontaktieren k\u00f6nnen Sie die Schlichtungsstelle BGG unter\u00a0<a href=\"mailto:info@schlichtungsstelle-bgg.de\">info@schlichtungsstelle-bgg.de.<\/a><\/p>\t\t\t\t\t\t\t\t<\/div>\n\t\t\t\t<\/div>\n\t\t\t\t\t<\/div>\n\t\t\t\t<\/div>\n\t\t\t\t<\/div>","protected":false},"excerpt":{"rendered":"<p>Diese Erkl\u00e4rung zur Barrierefreiheit gilt f\u00fcr die unter der https:\/\/www.maintower.de\/ ver\u00f6ffentlichten Website der Helaba Landesbank Hessen-Th\u00fcringen.\u2028\u2028 Als \u00f6ffentliche Stelle im Sinne der Richtlinie (EU) 2016\/2102 sind wir bem\u00fcht, unsere Websites und mobilen Anwendungen im Einklang mit den Bestimmungen des Behindertengleichstellungsgesetzes des Bundes (BGG) sowie der Barrierefreien-Informationstechnik-Verordnung (BITV 2.0) zur Umsetzung der Richtlinie (EU) 2016\/2102 barrierefrei [&hellip;]<\/p>\n","protected":false},"author":3,"featured_media":0,"parent":0,"menu_order":0,"comment_status":"closed","ping_status":"closed","template":"","meta":{"footnotes":""},"class_list":["post-3154","page","type-page","status-publish","hentry"],"_links":{"self":[{"href":"https:\/\/www.maintower.de\/en\/wp-json\/wp\/v2\/pages\/3154","targetHints":{"allow":["GET"]}}],"collection":[{"href":"https:\/\/www.maintower.de\/en\/wp-json\/wp\/v2\/pages"}],"about":[{"href":"https:\/\/www.maintower.de\/en\/wp-json\/wp\/v2\/types\/page"}],"author":[{"embeddable":true,"href":"https:\/\/www.maintower.de\/en\/wp-json\/wp\/v2\/users\/3"}],"replies":[{"embeddable":true,"href":"https:\/\/www.maintower.de\/en\/wp-json\/wp\/v2\/comments?post=3154"}],"version-history":[{"count":34,"href":"https:\/\/www.maintower.de\/en\/wp-json\/wp\/v2\/pages\/3154\/revisions"}],"predecessor-version":[{"id":3686,"href":"https:\/\/www.maintower.de\/en\/wp-json\/wp\/v2\/pages\/3154\/revisions\/3686"}],"wp:attachment":[{"href":"https:\/\/www.maintower.de\/en\/wp-json\/wp\/v2\/media?parent=3154"}],"curies":[{"name":"wp","href":"https:\/\/api.w.org\/{rel}","templated":true}]}}