{"id":2919,"date":"2025-06-24T09:37:31","date_gmt":"2025-06-24T07:37:31","guid":{"rendered":"https:\/\/dev2.superliebe.com\/mt-2025\/?page_id=2919"},"modified":"2025-08-12T12:54:12","modified_gmt":"2025-08-12T10:54:12","slug":"kunstsammlung","status":"publish","type":"page","link":"https:\/\/www.maintower.de\/en\/kunstsammlung\/","title":{"rendered":"Art Collection"},"content":{"rendered":"<div data-elementor-type=\"wp-page\" data-elementor-id=\"2919\" class=\"elementor elementor-2919\" data-elementor-post-type=\"page\">\n\t\t\t\t<div class=\"elementor-element elementor-element-46d1b63 e-flex e-con-boxed e-con e-parent\" data-id=\"46d1b63\" data-element_type=\"container\" data-e-type=\"container\" data-settings=\"{&quot;background_background&quot;:&quot;classic&quot;}\">\n\t\t\t\t\t<div class=\"e-con-inner\">\n\t\t\t\t<div class=\"elementor-element elementor-element-585279a elementor-hidden-widescreen elementor-hidden-desktop elementor-hidden-tablet elementor-widget elementor-widget-spacer\" data-id=\"585279a\" data-element_type=\"widget\" data-e-type=\"widget\" data-widget_type=\"spacer.default\">\n\t\t\t\t<div class=\"elementor-widget-container\">\n\t\t\t\t\t\t\t<div class=\"elementor-spacer\">\n\t\t\t<div class=\"elementor-spacer-inner\"><\/div>\n\t\t<\/div>\n\t\t\t\t\t\t<\/div>\n\t\t\t\t<\/div>\n\t\t<div class=\"elementor-element elementor-element-823b5f9 e-con-full e-flex e-con e-child\" data-id=\"823b5f9\" data-element_type=\"container\" data-e-type=\"container\">\n\t\t\t\t<div class=\"elementor-element elementor-element-a4d9498 elementor-invisible elementor-widget elementor-widget-heading\" data-id=\"a4d9498\" data-element_type=\"widget\" data-e-type=\"widget\" data-settings=\"{&quot;_animation&quot;:&quot;fadeInUp&quot;}\" data-widget_type=\"heading.default\">\n\t\t\t\t<div class=\"elementor-widget-container\">\n\t\t\t\t\t<h1 class=\"elementor-heading-title elementor-size-default\">Main Tower ART COLLECTION<\/h1>\t\t\t\t<\/div>\n\t\t\t\t<\/div>\n\t\t\t\t<div class=\"elementor-element elementor-element-6ec8049 heading-title elementor-invisible elementor-widget elementor-widget-heading\" data-id=\"6ec8049\" data-element_type=\"widget\" data-e-type=\"widget\" data-settings=\"{&quot;_animation&quot;:&quot;fadeInUp&quot;,&quot;_animation_delay&quot;:200}\" data-widget_type=\"heading.default\">\n\t\t\t\t<div class=\"elementor-widget-container\">\n\t\t\t\t\t<h2 class=\"elementor-heading-title elementor-size-default\"><span>Art in the<\/span><span><span style=\"font-weight: 700;display: inline !important\">MAIN TOWER<\/span><\/span><\/h2>\t\t\t\t<\/div>\n\t\t\t\t<\/div>\n\t\t\t\t<div class=\"elementor-element elementor-element-03f133b elementor-widget__width-initial elementor-invisible elementor-widget elementor-widget-text-editor\" data-id=\"03f133b\" data-element_type=\"widget\" data-e-type=\"widget\" data-settings=\"{&quot;_animation&quot;:&quot;fadeInUp&quot;,&quot;_animation_delay&quot;:200}\" data-widget_type=\"text-editor.default\">\n\t\t\t\t<div class=\"elementor-widget-container\">\n\t\t\t\t\t\t\t\t\t<p>The art collection of Landesbank Hessen-Th\u00fcringen (Helaba) in the MAIN TOWER has focused on the work of contemporary artists since 1996.<br \/>If you want to experience modern art in a special setting, you will find extraordinary works of art in the MAIN TOWER.<\/p>\t\t\t\t\t\t\t\t<\/div>\n\t\t\t\t<\/div>\n\t\t\t\t<\/div>\n\t\t\t\t<div class=\"elementor-element elementor-element-d48c70b elementor-widget elementor-widget-mt_timeline_slider\" data-id=\"d48c70b\" data-element_type=\"widget\" data-e-type=\"widget\" data-widget_type=\"mt_timeline_slider.default\">\n\t\t\t\t<div class=\"elementor-widget-container\">\n\t\t\t\t\t\n        <div class=\"mt-timeline-slider\"\n            data-autoplay=\"\"\n            data-autoplay-speed=\"\"\n            data-transition-speed=\"1000\"\n            data-space-between=\"280\">\n\n            <div class=\"swiper mt-timeline-slider__main\">\n                <div class=\"swiper-wrapper\">\n                                            <div class=\"swiper-slide mt-timeline-slider__slide elementor-repeater-item-83f0581\">\n                                                            <div class=\"mt-timeline-slider__image\">\n                                    <img decoding=\"async\" src=\"https:\/\/maintower.de\/wp-content\/uploads\/2025\/07\/frankfurter-treppe.jpg\" alt=\"Frankfurt Stairs \/ XXth century\" class=\"mt-timeline-slider__image\">\n                                    <div class=\"mt-timeline-slider__overlay\"><\/div>\n                                <\/div>\n                                                        <div class=\"mt-timeline-slider__container\">\n                                <div class=\"mt-timeline-slider__content\">\n                                    <div class=\"mt-timeline-slider__year\"><\/div>\n\n                                                                            <h3 class=\"mt-timeline-slider__title\">Frankfurt Stairs \/ XXth century<\/h3>\n                                    \n                                                                            <div class=\"mt-timeline-slider__description\"><p>Stephan Huber, 1999\/2000 <br \/>wall mosaic ca. 800 x 1.200 cm<br \/>large lobby (ground floor)<\/p><\/div>\n                                    \n                                                                    <\/div>\n                            <\/div>\n                        <\/div>\n                                            <div class=\"swiper-slide mt-timeline-slider__slide elementor-repeater-item-fc70053\">\n                                                            <div class=\"mt-timeline-slider__image\">\n                                    <img decoding=\"async\" src=\"https:\/\/maintower.de\/wp-content\/uploads\/2025\/06\/bill-viola-pict.jpg\" alt=\"The World of Appearances\" class=\"mt-timeline-slider__image\">\n                                    <div class=\"mt-timeline-slider__overlay\"><\/div>\n                                <\/div>\n                                                        <div class=\"mt-timeline-slider__container\">\n                                <div class=\"mt-timeline-slider__content\">\n                                    <div class=\"mt-timeline-slider__year\"><\/div>\n\n                                                                            <h3 class=\"mt-timeline-slider__title\">The World of Appearances<\/h3>\n                                    \n                                                                            <div class=\"mt-timeline-slider__description\"><p>Bill Viola (1951-2024), 2000<br \/>video installation <br \/>535 x 320 x 535 cm<br \/>small lobby (ground floor)<\/p><\/div>\n                                    \n                                                                    <\/div>\n                            <\/div>\n                        <\/div>\n                                            <div class=\"swiper-slide mt-timeline-slider__slide elementor-repeater-item-3225e94\">\n                                                            <div class=\"mt-timeline-slider__image\">\n                                    <img decoding=\"async\" src=\"https:\/\/maintower.de\/wp-content\/uploads\/2025\/06\/9101-4702.jpg\" alt=\"Ridge\" class=\"mt-timeline-slider__image\">\n                                    <div class=\"mt-timeline-slider__overlay\"><\/div>\n                                <\/div>\n                                                        <div class=\"mt-timeline-slider__container\">\n                                <div class=\"mt-timeline-slider__content\">\n                                    <div class=\"mt-timeline-slider__year\"><\/div>\n\n                                                                            <h3 class=\"mt-timeline-slider__title\">Ridge<\/h3>\n                                    \n                                                                            <div class=\"mt-timeline-slider__description\"><p>Paul Morrison (*1966)<br \/>2003, wall painting<br \/>350 x 2000 cm<br \/>1st floor<\/p><\/div>\n                                    \n                                                                    <\/div>\n                            <\/div>\n                        <\/div>\n                                    <\/div>\n            <\/div>\n\n                            <div class=\"mt-timeline-slider__nav\">\n                    <div class=\"swiper-button-prev\"><\/div>\n                    <div class=\"swiper-button-next\"><\/div>\n                <\/div>\n                    <\/div>\n\n\t\t\t\t<\/div>\n\t\t\t\t<\/div>\n\t\t<div class=\"elementor-element elementor-element-28478fa mt-nav-section e-flex e-con-boxed e-con e-child\" data-id=\"28478fa\" data-element_type=\"container\" data-e-type=\"container\" data-settings=\"{&quot;position&quot;:&quot;fixed&quot;}\">\n\t\t\t\t\t<div class=\"e-con-inner\">\n\t\t\t\t<div class=\"elementor-element elementor-element-121e5d7 elementor-widget elementor-widget-button\" data-id=\"121e5d7\" data-element_type=\"widget\" data-e-type=\"widget\" data-widget_type=\"button.default\">\n\t\t\t\t<div class=\"elementor-widget-container\">\n\t\t\t\t\t\t\t\t\t<div class=\"elementor-button-wrapper\">\n\t\t\t\t\t<a class=\"elementor-button elementor-button-link elementor-size-sm\" href=\"\/en\/fitnessstudio\/\">\n\t\t\t\t\t\t<span class=\"elementor-button-content-wrapper\">\n\t\t\t\t\t\t<span class=\"elementor-button-icon\">\n\t\t\t\t<svg xmlns=\"http:\/\/www.w3.org\/2000\/svg\" width=\"10\" height=\"16\" viewbox=\"0 0 10 16\" fill=\"none\"><path d=\"M9 1L2 8L9 15\" stroke=\"#092B38\" stroke-width=\"1.5\"><\/path><\/svg>\t\t\t<\/span>\n\t\t\t\t\t\t\t\t\t<span class=\"elementor-button-text\">back<\/span>\n\t\t\t\t\t<\/span>\n\t\t\t\t\t<\/a>\n\t\t\t\t<\/div>\n\t\t\t\t\t\t\t\t<\/div>\n\t\t\t\t<\/div>\n\t\t\t\t<div class=\"elementor-element elementor-element-74708a9 elementor-widget elementor-widget-button\" data-id=\"74708a9\" data-element_type=\"widget\" data-e-type=\"widget\" data-widget_type=\"button.default\">\n\t\t\t\t<div class=\"elementor-widget-container\">\n\t\t\t\t\t\t\t\t\t<div class=\"elementor-button-wrapper\">\n\t\t\t\t\t<a class=\"elementor-button elementor-button-link elementor-size-sm\" href=\"\/en\/panorama\/\">\n\t\t\t\t\t\t<span class=\"elementor-button-content-wrapper\">\n\t\t\t\t\t\t<span class=\"elementor-button-icon\">\n\t\t\t\t<svg xmlns=\"http:\/\/www.w3.org\/2000\/svg\" width=\"10\" height=\"16\" viewbox=\"0 0 10 16\" fill=\"none\"><path d=\"M1 1L8 8L1 15\" stroke=\"#092B38\" stroke-width=\"1.5\"><\/path><\/svg>\t\t\t<\/span>\n\t\t\t\t\t\t\t\t\t<span class=\"elementor-button-text\">next<\/span>\n\t\t\t\t\t<\/span>\n\t\t\t\t\t<\/a>\n\t\t\t\t<\/div>\n\t\t\t\t\t\t\t\t<\/div>\n\t\t\t\t<\/div>\n\t\t\t\t\t<\/div>\n\t\t\t\t<\/div>\n\t\t\t\t\t<\/div>\n\t\t\t\t<\/div>\n\t\t\t\t<\/div>","protected":false},"excerpt":{"rendered":"<p>Main Tower KUNSTSAMMLUNG Kunst imMAIN TOWER Die Kunstsammlung der Landesbank Hessen-Th\u00fcringen (Helaba) im MAIN TOWER konzentriert sich seit 1996 auf die Arbeiten zeitgen\u00f6ssischer K\u00fcnstler.Wer moderne Kunst in besonderem Rahmen erleben m\u00f6chte, trifft im MAIN TOWER auf au\u00dfergew\u00f6hnliche Kunstwerke. Frankfurter Treppe \/ XX. Jahrhundert Stephan Huber, 1999\/2000 Wandmosaik ca. 800 x 1.200 cmGro\u00dfe Lobby (EG) The [&hellip;]<\/p>\n","protected":false},"author":3,"featured_media":0,"parent":0,"menu_order":0,"comment_status":"closed","ping_status":"closed","template":"","meta":{"footnotes":""},"class_list":["post-2919","page","type-page","status-publish","hentry"],"_links":{"self":[{"href":"https:\/\/www.maintower.de\/en\/wp-json\/wp\/v2\/pages\/2919","targetHints":{"allow":["GET"]}}],"collection":[{"href":"https:\/\/www.maintower.de\/en\/wp-json\/wp\/v2\/pages"}],"about":[{"href":"https:\/\/www.maintower.de\/en\/wp-json\/wp\/v2\/types\/page"}],"author":[{"embeddable":true,"href":"https:\/\/www.maintower.de\/en\/wp-json\/wp\/v2\/users\/3"}],"replies":[{"embeddable":true,"href":"https:\/\/www.maintower.de\/en\/wp-json\/wp\/v2\/comments?post=2919"}],"version-history":[{"count":79,"href":"https:\/\/www.maintower.de\/en\/wp-json\/wp\/v2\/pages\/2919\/revisions"}],"predecessor-version":[{"id":4055,"href":"https:\/\/www.maintower.de\/en\/wp-json\/wp\/v2\/pages\/2919\/revisions\/4055"}],"wp:attachment":[{"href":"https:\/\/www.maintower.de\/en\/wp-json\/wp\/v2\/media?parent=2919"}],"curies":[{"name":"wp","href":"https:\/\/api.w.org\/{rel}","templated":true}]}}