{"id":1807,"date":"2025-06-10T08:37:21","date_gmt":"2025-06-10T06:37:21","guid":{"rendered":"https:\/\/dev2.superliebe.com\/mt-2025\/?page_id=1807"},"modified":"2025-08-12T12:48:54","modified_gmt":"2025-08-12T10:48:54","slug":"bueroflaechen-services","status":"publish","type":"page","link":"https:\/\/www.maintower.de\/en\/bueroflaechen-services\/","title":{"rendered":"Office Space &amp; Services"},"content":{"rendered":"<div data-elementor-type=\"wp-page\" data-elementor-id=\"1807\" class=\"elementor elementor-1807\" data-elementor-post-type=\"page\">\n\t\t\t\t<div class=\"elementor-element elementor-element-792f48a hero-plus-frame__section e-flex e-con-boxed e-con e-child\" data-id=\"792f48a\" data-element_type=\"container\" data-e-type=\"container\" data-settings=\"{&quot;background_background&quot;:&quot;classic&quot;}\">\n\t\t\t\t\t<div class=\"e-con-inner\">\n\t\t<div class=\"elementor-element elementor-element-b3d3849 e-con-full hero-plus-frame e-flex e-con e-child\" data-id=\"b3d3849\" data-element_type=\"container\" data-e-type=\"container\" data-settings=\"{&quot;background_background&quot;:&quot;classic&quot;,&quot;position&quot;:&quot;absolute&quot;}\">\n\t\t\t\t<\/div>\n\t\t<div class=\"elementor-element elementor-element-c47968e e-con-full e-flex e-con e-child\" data-id=\"c47968e\" data-element_type=\"container\" data-e-type=\"container\">\n\t\t\t\t<div class=\"elementor-element elementor-element-3328ff0 elementor-invisible elementor-widget elementor-widget-heading\" data-id=\"3328ff0\" data-element_type=\"widget\" data-e-type=\"widget\" data-settings=\"{&quot;_animation&quot;:&quot;fadeInUp&quot;}\" data-widget_type=\"heading.default\">\n\t\t\t\t<div class=\"elementor-widget-container\">\n\t\t\t\t\t<h1 class=\"elementor-heading-title elementor-size-default\">Main Tower office space &amp; services<\/h1>\t\t\t\t<\/div>\n\t\t\t\t<\/div>\n\t\t\t\t<div class=\"elementor-element elementor-element-8fc69af heading-title elementor-invisible elementor-widget elementor-widget-heading\" data-id=\"8fc69af\" data-element_type=\"widget\" data-e-type=\"widget\" data-settings=\"{&quot;_animation&quot;:&quot;fadeInUp&quot;,&quot;_animation_delay&quot;:200}\" data-widget_type=\"heading.default\">\n\t\t\t\t<div class=\"elementor-widget-container\">\n\t\t\t\t\t<h2 class=\"elementor-heading-title elementor-size-default\"><span><mark>More<\/mark> than just<\/span>\n<span>Workplace<\/span><span> a space for<\/span>\n<span><mark>perspectives.<\/mark><\/span><\/h2>\t\t\t\t<\/div>\n\t\t\t\t<\/div>\n\t\t<div class=\"elementor-element elementor-element-ca67dee e-con-full e-grid elementor-invisible e-con e-child\" data-id=\"ca67dee\" data-element_type=\"container\" data-e-type=\"container\" data-settings=\"{&quot;animation&quot;:&quot;fadeInUp&quot;,&quot;animation_delay&quot;:400}\">\n\t\t\t\t<div class=\"elementor-element elementor-element-e931315 text-ellipsis elementor-widget elementor-widget-text-editor\" data-id=\"e931315\" data-element_type=\"widget\" data-e-type=\"widget\" data-widget_type=\"text-editor.default\">\n\t\t\t\t<div class=\"elementor-widget-container\">\n\t\t\t\t\t\t\t\t\t<p data-start=\"177\" data-end=\"521\">Are you discerning and expect far more from an office space than the usual standard facilities? With an office in the MAIN TOWER, you are opting for a working environment that combines architecture, location and comfort at the highest level - in the middle of the Frankfurt skyline with breathtaking views and excellent accessibility.<\/p><p data-start=\"523\" data-end=\"864\">The office spaces offer flexible floor plans, high-quality furnishings and modern infrastructure that can be individually adapted to your requirements - whether individual, combined or open-plan offices. Professional reception, 24\/7 access, a prestigious lobby and a strong technical backbone ensure a smooth day-to-day business environment.<\/p><p data-start=\"866\" data-end=\"1178\" data-is-last-node=\"\" data-is-only-node=\"\">The MAIN TOWER also impresses with services that go far beyond the usual: an exclusive restaurant at lofty heights, fitness facilities, sustainable building technology (LEED Gold-certified) and, last but not least, an address that makes an impression - on employees and customers alike.<\/p>\t\t\t\t\t\t\t\t<\/div>\n\t\t\t\t<\/div>\n\t\t\t\t<div class=\"elementor-element elementor-element-f20ca3a elementor-view-framed hero-plus elementor-shape-circle elementor-widget elementor-widget-icon\" data-id=\"f20ca3a\" data-element_type=\"widget\" data-e-type=\"widget\" data-widget_type=\"icon.default\">\n\t\t\t\t<div class=\"elementor-widget-container\">\n\t\t\t\t\t\t\t<div class=\"elementor-icon-wrapper\">\n\t\t\t<div class=\"elementor-icon\">\n\t\t\t<svg aria-hidden=\"true\" class=\"e-font-icon-svg e-fas-plus\" viewbox=\"0 0 448 512\" xmlns=\"http:\/\/www.w3.org\/2000\/svg\"><path d=\"M416 208H272V64c0-17.67-14.33-32-32-32h-32c-17.67 0-32 14.33-32 32v144H32c-17.67 0-32 14.33-32 32v32c0 17.67 14.33 32 32 32h144v144c0 17.67 14.33 32 32 32h32c17.67 0 32-14.33 32-32V304h144c17.67 0 32-14.33 32-32v-32c0-17.67-14.33-32-32-32z\"><\/path><\/svg>\t\t\t<\/div>\n\t\t<\/div>\n\t\t\t\t\t\t<\/div>\n\t\t\t\t<\/div>\n\t\t\t\t<\/div>\n\t\t\t\t<\/div>\n\t\t<div class=\"elementor-element elementor-element-4068764 mt-nav-section e-flex e-con-boxed e-con e-child\" data-id=\"4068764\" data-element_type=\"container\" data-e-type=\"container\" data-settings=\"{&quot;position&quot;:&quot;fixed&quot;}\">\n\t\t\t\t\t<div class=\"e-con-inner\">\n\t\t\t\t<div class=\"elementor-element elementor-element-7bc2811 elementor-widget elementor-widget-button\" data-id=\"7bc2811\" data-element_type=\"widget\" data-e-type=\"widget\" data-widget_type=\"button.default\">\n\t\t\t\t<div class=\"elementor-widget-container\">\n\t\t\t\t\t\t\t\t\t<div class=\"elementor-button-wrapper\">\n\t\t\t\t\t<a class=\"elementor-button elementor-button-link elementor-size-sm\" href=\"\/en\/bueroraeume\/\">\n\t\t\t\t\t\t<span class=\"elementor-button-content-wrapper\">\n\t\t\t\t\t\t<span class=\"elementor-button-icon\">\n\t\t\t\t<svg xmlns=\"http:\/\/www.w3.org\/2000\/svg\" width=\"10\" height=\"16\" viewbox=\"0 0 10 16\" fill=\"none\"><path d=\"M9 1L2 8L9 15\" stroke=\"#092B38\" stroke-width=\"1.5\"><\/path><\/svg>\t\t\t<\/span>\n\t\t\t\t\t\t\t\t\t<span class=\"elementor-button-text\">back<\/span>\n\t\t\t\t\t<\/span>\n\t\t\t\t\t<\/a>\n\t\t\t\t<\/div>\n\t\t\t\t\t\t\t\t<\/div>\n\t\t\t\t<\/div>\n\t\t\t\t<div class=\"elementor-element elementor-element-9c3c840 elementor-widget elementor-widget-button\" data-id=\"9c3c840\" data-element_type=\"widget\" data-e-type=\"widget\" data-widget_type=\"button.default\">\n\t\t\t\t<div class=\"elementor-widget-container\">\n\t\t\t\t\t\t\t\t\t<div class=\"elementor-button-wrapper\">\n\t\t\t\t\t<a class=\"elementor-button elementor-button-link elementor-size-sm\" href=\"\/en\/#business\">\n\t\t\t\t\t\t<span class=\"elementor-button-content-wrapper\">\n\t\t\t\t\t\t<span class=\"elementor-button-icon\">\n\t\t\t\t<svg xmlns=\"http:\/\/www.w3.org\/2000\/svg\" xmlns:xlink=\"http:\/\/www.w3.org\/1999\/xlink\" width=\"14px\" height=\"16px\" viewbox=\"0 0 14 16\"><title>Stroke 1<\/title><g id=\"symbole\" stroke=\"none\" stroke-width=\"1\" fill=\"none\" fill-rule=\"evenodd\"><polyline id=\"Stroke-1\" stroke=\"#092B38\" stroke-width=\"1.5\" transform=\"translate(6.8096, 8.5) scale(-1, 1) rotate(270) translate(-6.8096, -8.5)\" points=\"-1.17098538e-14 3 8.03144308 3 13.6191406 8.5 8.03144308 14 2.04762452e-14 14\"><\/polyline><\/g><\/svg>\t\t\t<\/span>\n\t\t\t\t\t\t\t\t\t<span class=\"elementor-button-text\">Home<\/span>\n\t\t\t\t\t<\/span>\n\t\t\t\t\t<\/a>\n\t\t\t\t<\/div>\n\t\t\t\t\t\t\t\t<\/div>\n\t\t\t\t<\/div>\n\t\t\t\t\t<\/div>\n\t\t\t\t<\/div>\n\t\t\t\t<div class=\"elementor-element elementor-element-8458988 elementor-absolute elementor-hidden-tablet elementor-hidden-mobile elementor-invisible elementor-widget elementor-widget-mt_hotspot_widget\" data-id=\"8458988\" data-element_type=\"widget\" data-e-type=\"widget\" data-settings=\"{&quot;_position&quot;:&quot;absolute&quot;,&quot;_animation&quot;:&quot;fadeInUp&quot;,&quot;_animation_delay&quot;:1600}\" data-widget_type=\"mt_hotspot_widget.default\">\n\t\t\t\t<div class=\"elementor-widget-container\">\n\t\t\t\t\t        <div class=\"mt-hotspot-widget\">\n            <div class=\"mt-hotspot-circle\">\n                <span class=\"mt-hotspot-plus\">\n                    <svg xmlns=\"http:\/\/www.w3.org\/2000\/svg\" width=\"24\" height=\"24\" viewbox=\"0 0 24 24\" fill=\"none\" stroke=\"currentColor\" stroke-width=\"2\" stroke-linecap=\"round\" stroke-linejoin=\"round\" class=\"lucide lucide-plus-icon lucide-plus\"><path d=\"M5 12h14\"\/><path d=\"M12 5v14\"\/><\/svg>\n                <\/span>\n                <button class=\"mt-hotspot-close\" aria-label=\"Close\">&times;<\/button>\n                <div class=\"mt-hotspot-text\">Flexible work surfaces, exactly according to your requirements.<\/div>\n            <\/div>\n        <\/div>\n\t\t\t\t<\/div>\n\t\t\t\t<\/div>\n\t\t\t\t\t<\/div>\n\t\t\t\t<\/div>\n\t\t\t\t<\/div>","protected":false},"excerpt":{"rendered":"<p>Main Tower B\u00fcrofl\u00e4chen &amp; Services Mehr als ein Arbeitsplatz ein Raum f\u00fcr Perspektiven. Sie sind anspruchsvoll und erwarten von einer B\u00fcrofl\u00e4che weit mehr als die \u00fcbliche Standardausstattung? Mit einem Office im MAIN TOWER entscheiden Sie sich f\u00fcr eine Arbeitsumgebung, die Architektur, Lage und Komfort auf h\u00f6chstem Niveau vereint \u2013 mitten in der Frankfurter Skyline mit [&hellip;]<\/p>\n","protected":false},"author":7,"featured_media":0,"parent":0,"menu_order":0,"comment_status":"closed","ping_status":"closed","template":"","meta":{"footnotes":""},"class_list":["post-1807","page","type-page","status-publish","hentry"],"_links":{"self":[{"href":"https:\/\/www.maintower.de\/en\/wp-json\/wp\/v2\/pages\/1807","targetHints":{"allow":["GET"]}}],"collection":[{"href":"https:\/\/www.maintower.de\/en\/wp-json\/wp\/v2\/pages"}],"about":[{"href":"https:\/\/www.maintower.de\/en\/wp-json\/wp\/v2\/types\/page"}],"author":[{"embeddable":true,"href":"https:\/\/www.maintower.de\/en\/wp-json\/wp\/v2\/users\/7"}],"replies":[{"embeddable":true,"href":"https:\/\/www.maintower.de\/en\/wp-json\/wp\/v2\/comments?post=1807"}],"version-history":[{"count":48,"href":"https:\/\/www.maintower.de\/en\/wp-json\/wp\/v2\/pages\/1807\/revisions"}],"predecessor-version":[{"id":4031,"href":"https:\/\/www.maintower.de\/en\/wp-json\/wp\/v2\/pages\/1807\/revisions\/4031"}],"wp:attachment":[{"href":"https:\/\/www.maintower.de\/en\/wp-json\/wp\/v2\/media?parent=1807"}],"curies":[{"name":"wp","href":"https:\/\/api.w.org\/{rel}","templated":true}]}}