{"id":1032,"date":"2025-05-22T03:30:08","date_gmt":"2025-05-22T01:30:08","guid":{"rendered":"https:\/\/dev2.superliebe.com\/mt-2025\/?page_id=1032"},"modified":"2026-04-01T10:45:49","modified_gmt":"2026-04-01T08:45:49","slug":"impressum","status":"publish","type":"page","link":"https:\/\/www.maintower.de\/en\/impressum\/","title":{"rendered":"Legal notice"},"content":{"rendered":"<div data-elementor-type=\"wp-page\" data-elementor-id=\"1032\" class=\"elementor elementor-1032\" data-elementor-post-type=\"page\">\n\t\t\t\t<div class=\"elementor-element elementor-element-396907a e-flex e-con-boxed e-con e-parent\" data-id=\"396907a\" data-element_type=\"container\" data-e-type=\"container\">\n\t\t\t\t\t<div class=\"e-con-inner\">\n\t\t\t\t<div class=\"elementor-element elementor-element-eaced72 elementor-widget elementor-widget-heading\" data-id=\"eaced72\" data-element_type=\"widget\" data-e-type=\"widget\" data-widget_type=\"heading.default\">\n\t\t\t\t<div class=\"elementor-widget-container\">\n\t\t\t\t\t<h1 class=\"elementor-heading-title elementor-size-default\">Legal notice<\/h1>\t\t\t\t<\/div>\n\t\t\t\t<\/div>\n\t\t\t\t<div class=\"elementor-element elementor-element-f3e2a17 elementor-widget elementor-widget-text-editor\" data-id=\"f3e2a17\" data-element_type=\"widget\" data-e-type=\"widget\" data-widget_type=\"text-editor.default\">\n\t\t\t\t<div class=\"elementor-widget-container\">\n\t\t\t\t\t\t\t\t\t<h2>Provider identification pursuant to section 5 of the Digitale-Dienste-Gesetz (DDG, German Digital Services Act)<\/h2><p>On behalf of<br \/>Landesbank Hessen-Th\u00fcringen Girozentrale<br \/>Landesbank Hessen-Th\u00fcringen Girozentrale\nInstitution under public law<br \/>MAIN TOWER<br \/>Neue Mainzer Stra\u00dfe 52-58<br \/>D-60311 Frankfurt am Main\u2028Germany<br \/>Tel. (+49) 69 91 32-01<br \/>Fax (+49) 69 29 15-17<\/p><p>Bonifaciusstra\u00dfe 16<br \/>D-99084 Erfurt\u2028Germany<br \/>Tel. (+49) 3 61\/2 17-71 00<br \/>Fax (+49) 3 61\/2 17-71 01<\/p><h2>Commercial Register<\/h2><p>Local Court of Frankfurt am Main, HRA 29821<br \/>Local Court of Jena, HRA 102181<\/p><h2>Board of Directors<\/h2><p>Thomas Gro\u00df, CEO<br \/>Hans-Dieter Kemler<br \/>Christian Schmid<br \/>Tamara Weiss<br \/>Dr. Ingo Wiedemeier<\/p><p>Frank Dehnke (Executive Vice President)<br \/>Dr. Sonja Rauner (Executive Vice President)<\/p><h2>Supervisory Authority<\/h2><p><a href=\"https:\/\/www.ecb.europa.eu\/home\/html\/index.de.html\" target=\"_blank\" rel=\"noopener\">Europ\u00e4ische Zentralbank (EZB)<\/a><br \/>Sonnemannstra\u00dfe 20<br \/>60314 Frankfurt am Main<\/p><p><a href=\"https:\/\/www.bafin.de\/DE\/Startseite\/startseite_node.html\" target=\"_blank\" rel=\"noopener\">Bundesanstalt f\u00fcr Finanzdienstleistungsaufsicht<\/a><br \/>Graurheindorfer Stra\u00dfe 108<br \/>53117 Bonn<\/p><p>VAT identification number: DE 114 104 159<\/p><h2>Editorial team<\/h2><p>Susanne F\u00fcrst-Michna (editor responsible for content)<br \/>Immobilienmanagement<br \/>Tel (+49) 69 91 32- 4258<br \/>E-Mail: <a href=\"mailto:maintower@helaba.de\">maintower@helaba.de<\/a><\/p><h2>Copyrights<\/h2><p>Frankfurt Card: Tourismus+Congress GmbH Frankfurt am Main<\/p><h2>Image rights<\/h2><p>Image credits: Helaba<\/p>\t\t\t\t\t\t\t\t<\/div>\n\t\t\t\t<\/div>\n\t\t\t\t\t<\/div>\n\t\t\t\t<\/div>\n\t\t\t\t<\/div>","protected":false},"excerpt":{"rendered":"<p>Impressum Anbieterkennzeichnung gem\u00e4\u00df \u00a7 5 Digitale-Dienste-Gesetz (DDG) Im Auftrag derLandesbank Hessen-Th\u00fcringen GirozentraleAnstalt des \u00f6ffentlichen RechtsMAIN TOWERNeue Mainzer Stra\u00dfe 52-58D-60311 Frankfurt am Main\u2028GermanyTel. (+49) 69 91 32-01Fax (+49) 69 29 15-17 Bonifaciusstra\u00dfe 16D-99084 Erfurt\u2028GermanyTel. (+49) 3 61\/2 17-71 00Fax (+49) 3 61\/2 17-71 01 Handelsregister Amtsgericht Frankfurt am Main, HRA 29821,Amtsgericht Jena, HRA 102181 Vorstand Thomas [&hellip;]<\/p>\n","protected":false},"author":2,"featured_media":0,"parent":0,"menu_order":0,"comment_status":"closed","ping_status":"closed","template":"","meta":{"footnotes":""},"class_list":["post-1032","page","type-page","status-publish","hentry"],"_links":{"self":[{"href":"https:\/\/www.maintower.de\/en\/wp-json\/wp\/v2\/pages\/1032","targetHints":{"allow":["GET"]}}],"collection":[{"href":"https:\/\/www.maintower.de\/en\/wp-json\/wp\/v2\/pages"}],"about":[{"href":"https:\/\/www.maintower.de\/en\/wp-json\/wp\/v2\/types\/page"}],"author":[{"embeddable":true,"href":"https:\/\/www.maintower.de\/en\/wp-json\/wp\/v2\/users\/2"}],"replies":[{"embeddable":true,"href":"https:\/\/www.maintower.de\/en\/wp-json\/wp\/v2\/comments?post=1032"}],"version-history":[{"count":22,"href":"https:\/\/www.maintower.de\/en\/wp-json\/wp\/v2\/pages\/1032\/revisions"}],"predecessor-version":[{"id":4303,"href":"https:\/\/www.maintower.de\/en\/wp-json\/wp\/v2\/pages\/1032\/revisions\/4303"}],"wp:attachment":[{"href":"https:\/\/www.maintower.de\/en\/wp-json\/wp\/v2\/media?parent=1032"}],"curies":[{"name":"wp","href":"https:\/\/api.w.org\/{rel}","templated":true}]}}